{"id":10394,"date":"2023-10-23T14:47:23","date_gmt":"2023-10-23T14:47:23","guid":{"rendered":"https:\/\/celsonido123.com\/?post_type=product&#038;p=10394"},"modified":"2026-03-11T14:24:36","modified_gmt":"2026-03-11T14:24:36","slug":"10394","status":"publish","type":"product","link":"https:\/\/celsonido123.com\/index.php\/product\/10394\/","title":{"rendered":"Maquina afeitar Vgr-305"},"content":{"rendered":"<div><b>Maquina De Afeitar El\u00e9ctrica Seco Y H\u00famedo Vgr V-305<\/b><\/div>\n<div><\/div>\n<div>EL AFEITADO ES CONTANTE Y COMODO<\/div>\n<div><\/div>\n<div>Maquina de afeitar el\u00e9ctrica para hombres<\/div>\n<div>Cabezal giratorio de tres cuchillas, pantalla LED<\/div>\n<div>Body Wash<\/div>\n<div><\/div>\n<div>AFEITADO DE LIMPIEZA RAPIDA<\/div>\n<div><\/div>\n<div>La red es suave y no se corta, el afeitado es r\u00e1pido, la cuchilla es afilada y resistente al desgate, el afeitado es r\u00e1pido y limpio.<\/div>\n","protected":false},"excerpt":{"rendered":"<p>Maquina De Afeitar El\u00e9ctrica Seco Y H\u00famedo Vgr V-305 EL AFEITADO ES CONTANTE Y COMODO Maquina de afeitar el\u00e9ctrica para<\/p>\n","protected":false},"featured_media":10380,"comment_status":"open","ping_status":"closed","template":"","meta":[],"product_cat":[165],"product_tag":[],"_links":{"self":[{"href":"https:\/\/celsonido123.com\/index.php\/wp-json\/wp\/v2\/product\/10394"}],"collection":[{"href":"https:\/\/celsonido123.com\/index.php\/wp-json\/wp\/v2\/product"}],"about":[{"href":"https:\/\/celsonido123.com\/index.php\/wp-json\/wp\/v2\/types\/product"}],"replies":[{"embeddable":true,"href":"https:\/\/celsonido123.com\/index.php\/wp-json\/wp\/v2\/comments?post=10394"}],"version-history":[{"count":2,"href":"https:\/\/celsonido123.com\/index.php\/wp-json\/wp\/v2\/product\/10394\/revisions"}],"predecessor-version":[{"id":10396,"href":"https:\/\/celsonido123.com\/index.php\/wp-json\/wp\/v2\/product\/10394\/revisions\/10396"}],"wp:featuredmedia":[{"embeddable":true,"href":"https:\/\/celsonido123.com\/index.php\/wp-json\/wp\/v2\/media\/10380"}],"wp:attachment":[{"href":"https:\/\/celsonido123.com\/index.php\/wp-json\/wp\/v2\/media?parent=10394"}],"wp:term":[{"taxonomy":"product_cat","embeddable":true,"href":"https:\/\/celsonido123.com\/index.php\/wp-json\/wp\/v2\/product_cat?post=10394"},{"taxonomy":"product_tag","embeddable":true,"href":"https:\/\/celsonido123.com\/index.php\/wp-json\/wp\/v2\/product_tag?post=10394"}],"curies":[{"name":"wp","href":"https:\/\/api.w.org\/{rel}","templated":true}]}}