{"id":10397,"date":"2023-10-23T14:59:45","date_gmt":"2023-10-23T14:59:45","guid":{"rendered":"https:\/\/celsonido123.com\/?post_type=product&#038;p=10397"},"modified":"2026-03-11T14:24:28","modified_gmt":"2026-03-11T14:24:28","slug":"maquina-geemy-3-en-1","status":"publish","type":"product","link":"https:\/\/celsonido123.com\/index.php\/product\/maquina-geemy-3-en-1\/","title":{"rendered":"Maquina Geemy 3 en 1"},"content":{"rendered":"<p>M\u00e1quina multifuncional ideal para llevar a cualquier lugar gracias a su peque\u00f1o tama\u00f1o y su funci\u00f3n recargable. Cuenta con 3 funciones como el corte de cabello, rasurado de barba y corte de vello nasal y oidos.<\/p>\n<p>Tiene 3 funciones diferentes, est\u00e1 equipada con los accesorios de doble cuchilla, la cual hace la afeitada mas efectiva y eficiente, sin irritaciones para un resultado final de una barba y bigote perfectamente rasurados, y una experiencia de afeitado perfecta, ademas cuenta con un accesorio para el pelo de la nariz y o\u00eddos.<\/p>\n","protected":false},"excerpt":{"rendered":"<p>M\u00e1quina multifuncional ideal para llevar a cualquier lugar gracias a su peque\u00f1o tama\u00f1o y su funci\u00f3n recargable. Cuenta con 3<\/p>\n","protected":false},"featured_media":10400,"comment_status":"open","ping_status":"closed","template":"","meta":[],"product_cat":[165],"product_tag":[],"_links":{"self":[{"href":"https:\/\/celsonido123.com\/index.php\/wp-json\/wp\/v2\/product\/10397"}],"collection":[{"href":"https:\/\/celsonido123.com\/index.php\/wp-json\/wp\/v2\/product"}],"about":[{"href":"https:\/\/celsonido123.com\/index.php\/wp-json\/wp\/v2\/types\/product"}],"replies":[{"embeddable":true,"href":"https:\/\/celsonido123.com\/index.php\/wp-json\/wp\/v2\/comments?post=10397"}],"version-history":[{"count":1,"href":"https:\/\/celsonido123.com\/index.php\/wp-json\/wp\/v2\/product\/10397\/revisions"}],"predecessor-version":[{"id":10401,"href":"https:\/\/celsonido123.com\/index.php\/wp-json\/wp\/v2\/product\/10397\/revisions\/10401"}],"wp:featuredmedia":[{"embeddable":true,"href":"https:\/\/celsonido123.com\/index.php\/wp-json\/wp\/v2\/media\/10400"}],"wp:attachment":[{"href":"https:\/\/celsonido123.com\/index.php\/wp-json\/wp\/v2\/media?parent=10397"}],"wp:term":[{"taxonomy":"product_cat","embeddable":true,"href":"https:\/\/celsonido123.com\/index.php\/wp-json\/wp\/v2\/product_cat?post=10397"},{"taxonomy":"product_tag","embeddable":true,"href":"https:\/\/celsonido123.com\/index.php\/wp-json\/wp\/v2\/product_tag?post=10397"}],"curies":[{"name":"wp","href":"https:\/\/api.w.org\/{rel}","templated":true}]}}