{"id":10411,"date":"2023-10-23T17:26:21","date_gmt":"2023-10-23T17:26:21","guid":{"rendered":"https:\/\/celsonido123.com\/?post_type=product&#038;p=10411"},"modified":"2026-03-11T14:24:13","modified_gmt":"2026-03-11T14:24:13","slug":"secador-remington-shine-therapy","status":"publish","type":"product","link":"https:\/\/celsonido123.com\/index.php\/product\/secador-remington-shine-therapy\/","title":{"rendered":"Secador Remington Shine Therapy"},"content":{"rendered":"<ul class=\"remingtonco-remingtonco-7-x-especificaciones-items\">\n<li class=\"remingtonco-remingtonco-7-x-especificaciones-item\">Secar tu cabello dej\u00e1ndolo suave, brillante y libre de frizz muy f\u00e1cil con el Secador Remington Shine Therapy con rejilla recubierta con Cer\u00e1mica y microacondicionadores de Aguacate y Macadamia. El generador i\u00f3nico emite 90% m\u00e1s Iones* que te ayudan a secar el cabello m\u00e1s r\u00e1pido sin maltratarlo. Gran Potencia y una velocidad de aire de 80 kilometros por hora para un secado r\u00e1pido. *vs secador est\u00e1ndar de Remington<\/li>\n<\/ul>\n","protected":false},"excerpt":{"rendered":"<p>Secar tu cabello dej\u00e1ndolo suave, brillante y libre de frizz muy f\u00e1cil con el Secador Remington Shine Therapy con rejilla<\/p>\n","protected":false},"featured_media":10412,"comment_status":"open","ping_status":"closed","template":"","meta":[],"product_cat":[165],"product_tag":[],"_links":{"self":[{"href":"https:\/\/celsonido123.com\/index.php\/wp-json\/wp\/v2\/product\/10411"}],"collection":[{"href":"https:\/\/celsonido123.com\/index.php\/wp-json\/wp\/v2\/product"}],"about":[{"href":"https:\/\/celsonido123.com\/index.php\/wp-json\/wp\/v2\/types\/product"}],"replies":[{"embeddable":true,"href":"https:\/\/celsonido123.com\/index.php\/wp-json\/wp\/v2\/comments?post=10411"}],"version-history":[{"count":1,"href":"https:\/\/celsonido123.com\/index.php\/wp-json\/wp\/v2\/product\/10411\/revisions"}],"predecessor-version":[{"id":10413,"href":"https:\/\/celsonido123.com\/index.php\/wp-json\/wp\/v2\/product\/10411\/revisions\/10413"}],"wp:featuredmedia":[{"embeddable":true,"href":"https:\/\/celsonido123.com\/index.php\/wp-json\/wp\/v2\/media\/10412"}],"wp:attachment":[{"href":"https:\/\/celsonido123.com\/index.php\/wp-json\/wp\/v2\/media?parent=10411"}],"wp:term":[{"taxonomy":"product_cat","embeddable":true,"href":"https:\/\/celsonido123.com\/index.php\/wp-json\/wp\/v2\/product_cat?post=10411"},{"taxonomy":"product_tag","embeddable":true,"href":"https:\/\/celsonido123.com\/index.php\/wp-json\/wp\/v2\/product_tag?post=10411"}],"curies":[{"name":"wp","href":"https:\/\/api.w.org\/{rel}","templated":true}]}}