{"id":10414,"date":"2023-10-23T17:30:03","date_gmt":"2023-10-23T17:30:03","guid":{"rendered":"https:\/\/celsonido123.com\/?post_type=product&#038;p=10414"},"modified":"2026-03-11T14:24:05","modified_gmt":"2026-03-11T14:24:05","slug":"plancha-remington-shine-therapy","status":"publish","type":"product","link":"https:\/\/celsonido123.com\/index.php\/product\/plancha-remington-shine-therapy\/","title":{"rendered":"Plancha Remington Shine Therapy"},"content":{"rendered":"<ul class=\"remingtonco-remingtonco-7-x-especificaciones-items\">\n<li class=\"remingtonco-remingtonco-7-x-especificaciones-item\">Consiente tu cabello con un poco de terapia. Las placas revestidas de cer\u00e1mica de alta calidad en la plancha para cabello, est\u00e1n tratadas con una combinaci\u00f3n de microacondicionadores que se activan con el calor y que realzan el brillo.<\/li>\n<\/ul>\n","protected":false},"excerpt":{"rendered":"<p>Consiente tu cabello con un poco de terapia. Las placas revestidas de cer\u00e1mica de alta calidad en la plancha para<\/p>\n","protected":false},"featured_media":10415,"comment_status":"open","ping_status":"closed","template":"","meta":[],"product_cat":[165],"product_tag":[],"_links":{"self":[{"href":"https:\/\/celsonido123.com\/index.php\/wp-json\/wp\/v2\/product\/10414"}],"collection":[{"href":"https:\/\/celsonido123.com\/index.php\/wp-json\/wp\/v2\/product"}],"about":[{"href":"https:\/\/celsonido123.com\/index.php\/wp-json\/wp\/v2\/types\/product"}],"replies":[{"embeddable":true,"href":"https:\/\/celsonido123.com\/index.php\/wp-json\/wp\/v2\/comments?post=10414"}],"version-history":[{"count":1,"href":"https:\/\/celsonido123.com\/index.php\/wp-json\/wp\/v2\/product\/10414\/revisions"}],"predecessor-version":[{"id":10416,"href":"https:\/\/celsonido123.com\/index.php\/wp-json\/wp\/v2\/product\/10414\/revisions\/10416"}],"wp:featuredmedia":[{"embeddable":true,"href":"https:\/\/celsonido123.com\/index.php\/wp-json\/wp\/v2\/media\/10415"}],"wp:attachment":[{"href":"https:\/\/celsonido123.com\/index.php\/wp-json\/wp\/v2\/media?parent=10414"}],"wp:term":[{"taxonomy":"product_cat","embeddable":true,"href":"https:\/\/celsonido123.com\/index.php\/wp-json\/wp\/v2\/product_cat?post=10414"},{"taxonomy":"product_tag","embeddable":true,"href":"https:\/\/celsonido123.com\/index.php\/wp-json\/wp\/v2\/product_tag?post=10414"}],"curies":[{"name":"wp","href":"https:\/\/api.w.org\/{rel}","templated":true}]}}