{"id":10417,"date":"2023-10-23T17:31:30","date_gmt":"2023-10-23T17:31:30","guid":{"rendered":"https:\/\/celsonido123.com\/?post_type=product&#038;p=10417"},"modified":"2026-03-11T14:23:57","modified_gmt":"2026-03-11T14:23:57","slug":"plancha-remington-keratin-therapy","status":"publish","type":"product","link":"https:\/\/celsonido123.com\/index.php\/product\/plancha-remington-keratin-therapy\/","title":{"rendered":"Plancha Remington Keratin Therapy"},"content":{"rendered":"<p>\u00a1Es hora de que tu cabello se vea mejor que nunca!Con la\u00a0<b>plancha de cabello Keratin Therapy<\/b>\u00a0de Remington, con infusi\u00f3n de aceite de arg\u00e1n marroqu\u00ed y elementos esenciales que deben estar presentes en el cuidado de tu cabello.<\/p>\n","protected":false},"excerpt":{"rendered":"<p>\u00a1Es hora de que tu cabello se vea mejor que nunca!Con la\u00a0plancha de cabello Keratin Therapy\u00a0de Remington, con infusi\u00f3n de<\/p>\n","protected":false},"featured_media":10418,"comment_status":"open","ping_status":"closed","template":"","meta":[],"product_cat":[165],"product_tag":[],"_links":{"self":[{"href":"https:\/\/celsonido123.com\/index.php\/wp-json\/wp\/v2\/product\/10417"}],"collection":[{"href":"https:\/\/celsonido123.com\/index.php\/wp-json\/wp\/v2\/product"}],"about":[{"href":"https:\/\/celsonido123.com\/index.php\/wp-json\/wp\/v2\/types\/product"}],"replies":[{"embeddable":true,"href":"https:\/\/celsonido123.com\/index.php\/wp-json\/wp\/v2\/comments?post=10417"}],"version-history":[{"count":1,"href":"https:\/\/celsonido123.com\/index.php\/wp-json\/wp\/v2\/product\/10417\/revisions"}],"predecessor-version":[{"id":10419,"href":"https:\/\/celsonido123.com\/index.php\/wp-json\/wp\/v2\/product\/10417\/revisions\/10419"}],"wp:featuredmedia":[{"embeddable":true,"href":"https:\/\/celsonido123.com\/index.php\/wp-json\/wp\/v2\/media\/10418"}],"wp:attachment":[{"href":"https:\/\/celsonido123.com\/index.php\/wp-json\/wp\/v2\/media?parent=10417"}],"wp:term":[{"taxonomy":"product_cat","embeddable":true,"href":"https:\/\/celsonido123.com\/index.php\/wp-json\/wp\/v2\/product_cat?post=10417"},{"taxonomy":"product_tag","embeddable":true,"href":"https:\/\/celsonido123.com\/index.php\/wp-json\/wp\/v2\/product_tag?post=10417"}],"curies":[{"name":"wp","href":"https:\/\/api.w.org\/{rel}","templated":true}]}}