{"id":10423,"date":"2023-10-23T17:34:46","date_gmt":"2023-10-23T17:34:46","guid":{"rendered":"https:\/\/celsonido123.com\/?post_type=product&#038;p=10423"},"modified":"2026-03-11T14:23:40","modified_gmt":"2026-03-11T14:23:40","slug":"rizador-remington","status":"publish","type":"product","link":"https:\/\/celsonido123.com\/index.php\/product\/rizador-remington\/","title":{"rendered":"Rizador Remington"},"content":{"rendered":"<ul class=\"remingtonco-remingtonco-7-x-especificaciones-items\">\n<li class=\"remingtonco-remingtonco-7-x-especificaciones-item\">El rizador de cabello dual Curl de Remington es una herramienta que tienen que tener las mujeres que les gustan los rizos. Es muy f\u00e1cil de usar para crear rizos sueltos o m\u00e1s definidos completamente sin esfuerzo gracias a su gu\u00eda de espiral.<\/li>\n<\/ul>\n","protected":false},"excerpt":{"rendered":"<p>El rizador de cabello dual Curl de Remington es una herramienta que tienen que tener las mujeres que les gustan<\/p>\n","protected":false},"featured_media":10424,"comment_status":"open","ping_status":"closed","template":"","meta":[],"product_cat":[165],"product_tag":[],"_links":{"self":[{"href":"https:\/\/celsonido123.com\/index.php\/wp-json\/wp\/v2\/product\/10423"}],"collection":[{"href":"https:\/\/celsonido123.com\/index.php\/wp-json\/wp\/v2\/product"}],"about":[{"href":"https:\/\/celsonido123.com\/index.php\/wp-json\/wp\/v2\/types\/product"}],"replies":[{"embeddable":true,"href":"https:\/\/celsonido123.com\/index.php\/wp-json\/wp\/v2\/comments?post=10423"}],"version-history":[{"count":1,"href":"https:\/\/celsonido123.com\/index.php\/wp-json\/wp\/v2\/product\/10423\/revisions"}],"predecessor-version":[{"id":10425,"href":"https:\/\/celsonido123.com\/index.php\/wp-json\/wp\/v2\/product\/10423\/revisions\/10425"}],"wp:featuredmedia":[{"embeddable":true,"href":"https:\/\/celsonido123.com\/index.php\/wp-json\/wp\/v2\/media\/10424"}],"wp:attachment":[{"href":"https:\/\/celsonido123.com\/index.php\/wp-json\/wp\/v2\/media?parent=10423"}],"wp:term":[{"taxonomy":"product_cat","embeddable":true,"href":"https:\/\/celsonido123.com\/index.php\/wp-json\/wp\/v2\/product_cat?post=10423"},{"taxonomy":"product_tag","embeddable":true,"href":"https:\/\/celsonido123.com\/index.php\/wp-json\/wp\/v2\/product_tag?post=10423"}],"curies":[{"name":"wp","href":"https:\/\/api.w.org\/{rel}","templated":true}]}}