{"id":10442,"date":"2023-10-23T18:15:24","date_gmt":"2023-10-23T18:15:24","guid":{"rendered":"https:\/\/celsonido123.com\/?post_type=product&#038;p=10442"},"modified":"2026-03-11T14:23:24","modified_gmt":"2026-03-11T14:23:24","slug":"patillera-wahl-peanut","status":"publish","type":"product","link":"https:\/\/celsonido123.com\/index.php\/product\/patillera-wahl-peanut\/","title":{"rendered":"Patillera Wahl Peanut"},"content":{"rendered":"<p>\u2013 Patillera para uso profesional con cable para uso con interrupci\u00f3n y trabajo de peluquer\u00eda o barber\u00eda<br \/>\n\u2013 Dise\u00f1ado para todo tipo de corte<br \/>\n\u2013 Dise\u00f1o compacto y ergon\u00f3mico para garantizar una mayor comodidad y confiabilidad<br \/>\n\u2013 Uso Profesional<br \/>\n\u2013 Alta potencia<\/p>\n","protected":false},"excerpt":{"rendered":"<p>\u2013 Patillera para uso profesional con cable para uso con interrupci\u00f3n y trabajo de peluquer\u00eda o barber\u00eda \u2013 Dise\u00f1ado para<\/p>\n","protected":false},"featured_media":10443,"comment_status":"open","ping_status":"closed","template":"","meta":[],"product_cat":[165],"product_tag":[],"_links":{"self":[{"href":"https:\/\/celsonido123.com\/index.php\/wp-json\/wp\/v2\/product\/10442"}],"collection":[{"href":"https:\/\/celsonido123.com\/index.php\/wp-json\/wp\/v2\/product"}],"about":[{"href":"https:\/\/celsonido123.com\/index.php\/wp-json\/wp\/v2\/types\/product"}],"replies":[{"embeddable":true,"href":"https:\/\/celsonido123.com\/index.php\/wp-json\/wp\/v2\/comments?post=10442"}],"version-history":[{"count":1,"href":"https:\/\/celsonido123.com\/index.php\/wp-json\/wp\/v2\/product\/10442\/revisions"}],"predecessor-version":[{"id":10444,"href":"https:\/\/celsonido123.com\/index.php\/wp-json\/wp\/v2\/product\/10442\/revisions\/10444"}],"wp:featuredmedia":[{"embeddable":true,"href":"https:\/\/celsonido123.com\/index.php\/wp-json\/wp\/v2\/media\/10443"}],"wp:attachment":[{"href":"https:\/\/celsonido123.com\/index.php\/wp-json\/wp\/v2\/media?parent=10442"}],"wp:term":[{"taxonomy":"product_cat","embeddable":true,"href":"https:\/\/celsonido123.com\/index.php\/wp-json\/wp\/v2\/product_cat?post=10442"},{"taxonomy":"product_tag","embeddable":true,"href":"https:\/\/celsonido123.com\/index.php\/wp-json\/wp\/v2\/product_tag?post=10442"}],"curies":[{"name":"wp","href":"https:\/\/api.w.org\/{rel}","templated":true}]}}