{"id":10448,"date":"2023-10-23T18:21:31","date_gmt":"2023-10-23T18:21:31","guid":{"rendered":"https:\/\/celsonido123.com\/?post_type=product&#038;p=10448"},"modified":"2026-03-11T14:23:15","modified_gmt":"2026-03-11T14:23:15","slug":"maquina-wahl-profesional","status":"publish","type":"product","link":"https:\/\/celsonido123.com\/index.php\/product\/maquina-wahl-profesional\/","title":{"rendered":"Maquina Wahl Profesional"},"content":{"rendered":"<div class=\"descricao-produto-titles\">De alto rendimiento, ideal para el uso continuo. Cuenta con un juego de cuchillas de precisi\u00f3n cromadas. La pr\u00e1ctica palanca para el pulgar realiza ajustes de 1 a 3.5mm en la gu\u00eda y la textura sin cambiar las cuchillas.<\/div>\n","protected":false},"excerpt":{"rendered":"<p>De alto rendimiento, ideal para el uso continuo. Cuenta con un juego de cuchillas de precisi\u00f3n cromadas. La pr\u00e1ctica palanca<\/p>\n","protected":false},"featured_media":10449,"comment_status":"open","ping_status":"closed","template":"","meta":[],"product_cat":[165],"product_tag":[],"_links":{"self":[{"href":"https:\/\/celsonido123.com\/index.php\/wp-json\/wp\/v2\/product\/10448"}],"collection":[{"href":"https:\/\/celsonido123.com\/index.php\/wp-json\/wp\/v2\/product"}],"about":[{"href":"https:\/\/celsonido123.com\/index.php\/wp-json\/wp\/v2\/types\/product"}],"replies":[{"embeddable":true,"href":"https:\/\/celsonido123.com\/index.php\/wp-json\/wp\/v2\/comments?post=10448"}],"version-history":[{"count":1,"href":"https:\/\/celsonido123.com\/index.php\/wp-json\/wp\/v2\/product\/10448\/revisions"}],"predecessor-version":[{"id":10450,"href":"https:\/\/celsonido123.com\/index.php\/wp-json\/wp\/v2\/product\/10448\/revisions\/10450"}],"wp:featuredmedia":[{"embeddable":true,"href":"https:\/\/celsonido123.com\/index.php\/wp-json\/wp\/v2\/media\/10449"}],"wp:attachment":[{"href":"https:\/\/celsonido123.com\/index.php\/wp-json\/wp\/v2\/media?parent=10448"}],"wp:term":[{"taxonomy":"product_cat","embeddable":true,"href":"https:\/\/celsonido123.com\/index.php\/wp-json\/wp\/v2\/product_cat?post=10448"},{"taxonomy":"product_tag","embeddable":true,"href":"https:\/\/celsonido123.com\/index.php\/wp-json\/wp\/v2\/product_tag?post=10448"}],"curies":[{"name":"wp","href":"https:\/\/api.w.org\/{rel}","templated":true}]}}