{"id":10477,"date":"2023-10-23T20:10:01","date_gmt":"2023-10-23T20:10:01","guid":{"rendered":"https:\/\/celsonido123.com\/?post_type=product&#038;p=10477"},"modified":"2026-03-11T14:21:49","modified_gmt":"2026-03-11T14:21:49","slug":"jbl-boombox-3","status":"publish","type":"product","link":"https:\/\/celsonido123.com\/index.php\/product\/jbl-boombox-3\/","title":{"rendered":"JBL Boombox 3"},"content":{"rendered":"<p>Hemos mejorado a\u00fan m\u00e1s nuestro altavoz Bluetooth port\u00e1til m\u00e1s potente. La ic\u00f3nica silueta del JBL Boombox 3 presenta una nueva y atrevida versi\u00f3n con un resistente asa de metal y empu\u00f1aduras de silicona, dos tapas laterales y un tejido resistente al agua y al polvo. Tambi\u00e9n se ha redise\u00f1ado el interior, con un nuevo subwoofer que ofrece graves mucho m\u00e1s profundos y el arrollador JBL Original Pro Sound, todo ello con menor distorsi\u00f3n. Gracias a las 24 horas de tiempo de reproducci\u00f3n, podr\u00e1 acompa\u00f1arte desde el entrenamiento de la ma\u00f1ana hasta la cita nocturna con tus amigos. Y para disfrutar de un sonido pr\u00e1cticamente ilimitado, puedes conectar varios altavoces con la aplicaci\u00f3n JBL Portable.<\/p>\n","protected":false},"excerpt":{"rendered":"<p>Hemos mejorado a\u00fan m\u00e1s nuestro altavoz Bluetooth port\u00e1til m\u00e1s potente. La ic\u00f3nica silueta del JBL Boombox 3 presenta una nueva<\/p>\n","protected":false},"featured_media":10478,"comment_status":"open","ping_status":"closed","template":"","meta":[],"product_cat":[154],"product_tag":[],"_links":{"self":[{"href":"https:\/\/celsonido123.com\/index.php\/wp-json\/wp\/v2\/product\/10477"}],"collection":[{"href":"https:\/\/celsonido123.com\/index.php\/wp-json\/wp\/v2\/product"}],"about":[{"href":"https:\/\/celsonido123.com\/index.php\/wp-json\/wp\/v2\/types\/product"}],"replies":[{"embeddable":true,"href":"https:\/\/celsonido123.com\/index.php\/wp-json\/wp\/v2\/comments?post=10477"}],"version-history":[{"count":1,"href":"https:\/\/celsonido123.com\/index.php\/wp-json\/wp\/v2\/product\/10477\/revisions"}],"predecessor-version":[{"id":10480,"href":"https:\/\/celsonido123.com\/index.php\/wp-json\/wp\/v2\/product\/10477\/revisions\/10480"}],"wp:featuredmedia":[{"embeddable":true,"href":"https:\/\/celsonido123.com\/index.php\/wp-json\/wp\/v2\/media\/10478"}],"wp:attachment":[{"href":"https:\/\/celsonido123.com\/index.php\/wp-json\/wp\/v2\/media?parent=10477"}],"wp:term":[{"taxonomy":"product_cat","embeddable":true,"href":"https:\/\/celsonido123.com\/index.php\/wp-json\/wp\/v2\/product_cat?post=10477"},{"taxonomy":"product_tag","embeddable":true,"href":"https:\/\/celsonido123.com\/index.php\/wp-json\/wp\/v2\/product_tag?post=10477"}],"curies":[{"name":"wp","href":"https:\/\/api.w.org\/{rel}","templated":true}]}}