{"id":10481,"date":"2023-10-23T20:12:23","date_gmt":"2023-10-23T20:12:23","guid":{"rendered":"https:\/\/celsonido123.com\/?post_type=product&#038;p=10481"},"modified":"2026-03-11T14:26:59","modified_gmt":"2026-03-11T14:26:59","slug":"jbl-wind-3","status":"publish","type":"product","link":"https:\/\/celsonido123.com\/index.php\/product\/jbl-wind-3\/","title":{"rendered":"JBL Wind 3"},"content":{"rendered":"<p>Transfiere m\u00fasica por v\u00eda inal\u00e1mbrica desde tu tel\u00e9fono, tableta u otro dispositivo con Bluetooth.<\/p>\n<p>Modo Deportes para exteriores y Bajos para interiores.<\/p>\n<p>Se pueden enganchar y desenganchar sin esfuerzo en una base con soporte incluida, dise\u00f1ada espec\u00edficamente para manillares de bicicleta o motocicleta.<\/p>\n","protected":false},"excerpt":{"rendered":"<p>Transfiere m\u00fasica por v\u00eda inal\u00e1mbrica desde tu tel\u00e9fono, tableta u otro dispositivo con Bluetooth. Modo Deportes para exteriores y Bajos<\/p>\n","protected":false},"featured_media":10482,"comment_status":"open","ping_status":"closed","template":"","meta":[],"product_cat":[154],"product_tag":[],"_links":{"self":[{"href":"https:\/\/celsonido123.com\/index.php\/wp-json\/wp\/v2\/product\/10481"}],"collection":[{"href":"https:\/\/celsonido123.com\/index.php\/wp-json\/wp\/v2\/product"}],"about":[{"href":"https:\/\/celsonido123.com\/index.php\/wp-json\/wp\/v2\/types\/product"}],"replies":[{"embeddable":true,"href":"https:\/\/celsonido123.com\/index.php\/wp-json\/wp\/v2\/comments?post=10481"}],"version-history":[{"count":1,"href":"https:\/\/celsonido123.com\/index.php\/wp-json\/wp\/v2\/product\/10481\/revisions"}],"predecessor-version":[{"id":10484,"href":"https:\/\/celsonido123.com\/index.php\/wp-json\/wp\/v2\/product\/10481\/revisions\/10484"}],"wp:featuredmedia":[{"embeddable":true,"href":"https:\/\/celsonido123.com\/index.php\/wp-json\/wp\/v2\/media\/10482"}],"wp:attachment":[{"href":"https:\/\/celsonido123.com\/index.php\/wp-json\/wp\/v2\/media?parent=10481"}],"wp:term":[{"taxonomy":"product_cat","embeddable":true,"href":"https:\/\/celsonido123.com\/index.php\/wp-json\/wp\/v2\/product_cat?post=10481"},{"taxonomy":"product_tag","embeddable":true,"href":"https:\/\/celsonido123.com\/index.php\/wp-json\/wp\/v2\/product_tag?post=10481"}],"curies":[{"name":"wp","href":"https:\/\/api.w.org\/{rel}","templated":true}]}}