{"id":10485,"date":"2023-10-23T20:14:20","date_gmt":"2023-10-23T20:14:20","guid":{"rendered":"https:\/\/celsonido123.com\/?post_type=product&#038;p=10485"},"modified":"2026-03-11T14:26:50","modified_gmt":"2026-03-11T14:26:50","slug":"jbl-flip-6","status":"publish","type":"product","link":"https:\/\/celsonido123.com\/index.php\/product\/jbl-flip-6\/","title":{"rendered":"JBL Flip 6"},"content":{"rendered":"<p>La banda sonora de tus aventuras El atrevido JBL Flip 6 ofrece el potente sonido JBL Original Pro con una claridad excepcional gracias a su sistema de altavoces bidireccionales, con un driver optimizado en forma de pista de carreras, un altavoz de agudos independiente y dos radiadores pasivos (uno a cada lateral). Este altavoz, adem\u00e1s de ofrecerte el mejor sonido, es f\u00e1cil de transportar y es resistente al agua y al polvo, por lo que puedes llevarlo a cualquier parte, sin importar el tiempo que haga. Y con 12 horas de bater\u00eda, puedes irte de fiesta desde el amanecer al anochecer, all\u00e1 donde te lleve la m\u00fasica. Usa PartyBoost para conectar varios altavoces compatibles. El Flip 6 est\u00e1 disponible en una gran variedad de colores.<\/p>\n","protected":false},"excerpt":{"rendered":"<p>La banda sonora de tus aventuras El atrevido JBL Flip 6 ofrece el potente sonido JBL Original Pro con una<\/p>\n","protected":false},"featured_media":10486,"comment_status":"open","ping_status":"closed","template":"","meta":[],"product_cat":[154],"product_tag":[],"_links":{"self":[{"href":"https:\/\/celsonido123.com\/index.php\/wp-json\/wp\/v2\/product\/10485"}],"collection":[{"href":"https:\/\/celsonido123.com\/index.php\/wp-json\/wp\/v2\/product"}],"about":[{"href":"https:\/\/celsonido123.com\/index.php\/wp-json\/wp\/v2\/types\/product"}],"replies":[{"embeddable":true,"href":"https:\/\/celsonido123.com\/index.php\/wp-json\/wp\/v2\/comments?post=10485"}],"version-history":[{"count":1,"href":"https:\/\/celsonido123.com\/index.php\/wp-json\/wp\/v2\/product\/10485\/revisions"}],"predecessor-version":[{"id":10487,"href":"https:\/\/celsonido123.com\/index.php\/wp-json\/wp\/v2\/product\/10485\/revisions\/10487"}],"wp:featuredmedia":[{"embeddable":true,"href":"https:\/\/celsonido123.com\/index.php\/wp-json\/wp\/v2\/media\/10486"}],"wp:attachment":[{"href":"https:\/\/celsonido123.com\/index.php\/wp-json\/wp\/v2\/media?parent=10485"}],"wp:term":[{"taxonomy":"product_cat","embeddable":true,"href":"https:\/\/celsonido123.com\/index.php\/wp-json\/wp\/v2\/product_cat?post=10485"},{"taxonomy":"product_tag","embeddable":true,"href":"https:\/\/celsonido123.com\/index.php\/wp-json\/wp\/v2\/product_tag?post=10485"}],"curies":[{"name":"wp","href":"https:\/\/api.w.org\/{rel}","templated":true}]}}