{"id":10503,"date":"2023-10-23T20:31:46","date_gmt":"2023-10-23T20:31:46","guid":{"rendered":"https:\/\/celsonido123.com\/?post_type=product&#038;p=10503"},"modified":"2026-03-11T14:26:34","modified_gmt":"2026-03-11T14:26:34","slug":"echodot-5th-gen-reloj","status":"publish","type":"product","link":"https:\/\/celsonido123.com\/index.php\/product\/echodot-5th-gen-reloj\/","title":{"rendered":"EchoDot 5th Gen Reloj"},"content":{"rendered":"<p>Disfruta de una experiencia de audio superior a los EchoDot anteriores con Alexa, en la que obtendr\u00e1s voces m\u00e1s n\u00edtidas, graves m\u00e1s profundos y sonido vibrante en cualquier habitaci\u00f3n.<\/p>\n","protected":false},"excerpt":{"rendered":"<p>Disfruta de una experiencia de audio superior a los EchoDot anteriores con Alexa, en la que obtendr\u00e1s voces m\u00e1s n\u00edtidas,<\/p>\n","protected":false},"featured_media":10504,"comment_status":"open","ping_status":"closed","template":"","meta":[],"product_cat":[154],"product_tag":[],"_links":{"self":[{"href":"https:\/\/celsonido123.com\/index.php\/wp-json\/wp\/v2\/product\/10503"}],"collection":[{"href":"https:\/\/celsonido123.com\/index.php\/wp-json\/wp\/v2\/product"}],"about":[{"href":"https:\/\/celsonido123.com\/index.php\/wp-json\/wp\/v2\/types\/product"}],"replies":[{"embeddable":true,"href":"https:\/\/celsonido123.com\/index.php\/wp-json\/wp\/v2\/comments?post=10503"}],"version-history":[{"count":1,"href":"https:\/\/celsonido123.com\/index.php\/wp-json\/wp\/v2\/product\/10503\/revisions"}],"predecessor-version":[{"id":10508,"href":"https:\/\/celsonido123.com\/index.php\/wp-json\/wp\/v2\/product\/10503\/revisions\/10508"}],"wp:featuredmedia":[{"embeddable":true,"href":"https:\/\/celsonido123.com\/index.php\/wp-json\/wp\/v2\/media\/10504"}],"wp:attachment":[{"href":"https:\/\/celsonido123.com\/index.php\/wp-json\/wp\/v2\/media?parent=10503"}],"wp:term":[{"taxonomy":"product_cat","embeddable":true,"href":"https:\/\/celsonido123.com\/index.php\/wp-json\/wp\/v2\/product_cat?post=10503"},{"taxonomy":"product_tag","embeddable":true,"href":"https:\/\/celsonido123.com\/index.php\/wp-json\/wp\/v2\/product_tag?post=10503"}],"curies":[{"name":"wp","href":"https:\/\/api.w.org\/{rel}","templated":true}]}}