{"id":10523,"date":"2023-10-23T20:48:16","date_gmt":"2023-10-23T20:48:16","guid":{"rendered":"https:\/\/celsonido123.com\/?post_type=product&#038;p=10523"},"modified":"2026-03-11T14:25:59","modified_gmt":"2026-03-11T14:25:59","slug":"roku-premier-4k","status":"publish","type":"product","link":"https:\/\/celsonido123.com\/index.php\/product\/roku-premier-4k\/","title":{"rendered":"Roku Premier 4k"},"content":{"rendered":"<p>Roku, marca pionera en la reproducci\u00f3n de streaming para TV, tiene como misi\u00f3n ser una plataforma que conecte todo el ecosistema televisivo del mundo. Para lograrlo fabrica dispositivos que son f\u00e1ciles de configurar y usar y permiten el acceso a m\u00e1s de 100.000 pel\u00edculas y programas de TV.<\/p>\n<p>Calidad de imagen<br \/>\nSu compatibilidad con streaming en 4K convierte a este reproductor en la mejor elecci\u00f3n a la hora de disfrutar de im\u00e1genes n\u00edtidas y una calidad sobresaliente, notoriamente superior al HD y Full HD. Su excelencia se refleja en la capacidad de transmitir colores m\u00e1s realistas y con lujo de detalles.<\/p>\n","protected":false},"excerpt":{"rendered":"<p>Roku, marca pionera en la reproducci\u00f3n de streaming para TV, tiene como misi\u00f3n ser una plataforma que conecte todo el<\/p>\n","protected":false},"featured_media":10524,"comment_status":"open","ping_status":"closed","template":"","meta":[],"product_cat":[105],"product_tag":[],"_links":{"self":[{"href":"https:\/\/celsonido123.com\/index.php\/wp-json\/wp\/v2\/product\/10523"}],"collection":[{"href":"https:\/\/celsonido123.com\/index.php\/wp-json\/wp\/v2\/product"}],"about":[{"href":"https:\/\/celsonido123.com\/index.php\/wp-json\/wp\/v2\/types\/product"}],"replies":[{"embeddable":true,"href":"https:\/\/celsonido123.com\/index.php\/wp-json\/wp\/v2\/comments?post=10523"}],"version-history":[{"count":1,"href":"https:\/\/celsonido123.com\/index.php\/wp-json\/wp\/v2\/product\/10523\/revisions"}],"predecessor-version":[{"id":10526,"href":"https:\/\/celsonido123.com\/index.php\/wp-json\/wp\/v2\/product\/10523\/revisions\/10526"}],"wp:featuredmedia":[{"embeddable":true,"href":"https:\/\/celsonido123.com\/index.php\/wp-json\/wp\/v2\/media\/10524"}],"wp:attachment":[{"href":"https:\/\/celsonido123.com\/index.php\/wp-json\/wp\/v2\/media?parent=10523"}],"wp:term":[{"taxonomy":"product_cat","embeddable":true,"href":"https:\/\/celsonido123.com\/index.php\/wp-json\/wp\/v2\/product_cat?post=10523"},{"taxonomy":"product_tag","embeddable":true,"href":"https:\/\/celsonido123.com\/index.php\/wp-json\/wp\/v2\/product_tag?post=10523"}],"curies":[{"name":"wp","href":"https:\/\/api.w.org\/{rel}","templated":true}]}}