{"id":10591,"date":"2023-10-24T16:31:44","date_gmt":"2023-10-24T16:31:44","guid":{"rendered":"https:\/\/celsonido123.com\/?post_type=product&#038;p=10591"},"modified":"2025-03-28T15:31:07","modified_gmt":"2025-03-28T15:31:07","slug":"iphone-14-128-256-gb","status":"publish","type":"product","link":"https:\/\/celsonido123.com\/index.php\/product\/iphone-14-128-256-gb\/","title":{"rendered":"Iphone 14 128\/256 GB"},"content":{"rendered":"<p><em>La pantalla del iPhone 14 tiene esquinas redondeadas que rematan el dise\u00f1o curvo del dispositivo, y esas esquinas se encuentran dentro de un rect\u00e1ngulo est\u00e1ndar. Si se mide el rect\u00e1ngulo est\u00e1ndar en diagonal, la pantalla tiene 6,06 pulgadas\u00a0<\/em><\/p>\n","protected":false},"excerpt":{"rendered":"<p>La pantalla del iPhone 14 tiene esquinas redondeadas que rematan el dise\u00f1o curvo del dispositivo, y esas esquinas se encuentran<\/p>\n","protected":false},"featured_media":10592,"comment_status":"open","ping_status":"closed","template":"","meta":[],"product_cat":[163],"product_tag":[],"_links":{"self":[{"href":"https:\/\/celsonido123.com\/index.php\/wp-json\/wp\/v2\/product\/10591"}],"collection":[{"href":"https:\/\/celsonido123.com\/index.php\/wp-json\/wp\/v2\/product"}],"about":[{"href":"https:\/\/celsonido123.com\/index.php\/wp-json\/wp\/v2\/types\/product"}],"replies":[{"embeddable":true,"href":"https:\/\/celsonido123.com\/index.php\/wp-json\/wp\/v2\/comments?post=10591"}],"version-history":[{"count":1,"href":"https:\/\/celsonido123.com\/index.php\/wp-json\/wp\/v2\/product\/10591\/revisions"}],"predecessor-version":[{"id":10594,"href":"https:\/\/celsonido123.com\/index.php\/wp-json\/wp\/v2\/product\/10591\/revisions\/10594"}],"wp:featuredmedia":[{"embeddable":true,"href":"https:\/\/celsonido123.com\/index.php\/wp-json\/wp\/v2\/media\/10592"}],"wp:attachment":[{"href":"https:\/\/celsonido123.com\/index.php\/wp-json\/wp\/v2\/media?parent=10591"}],"wp:term":[{"taxonomy":"product_cat","embeddable":true,"href":"https:\/\/celsonido123.com\/index.php\/wp-json\/wp\/v2\/product_cat?post=10591"},{"taxonomy":"product_tag","embeddable":true,"href":"https:\/\/celsonido123.com\/index.php\/wp-json\/wp\/v2\/product_tag?post=10591"}],"curies":[{"name":"wp","href":"https:\/\/api.w.org\/{rel}","templated":true}]}}