{"id":10607,"date":"2023-10-24T16:57:00","date_gmt":"2023-10-24T16:57:00","guid":{"rendered":"https:\/\/celsonido123.com\/?post_type=product&#038;p=10607"},"modified":"2026-03-11T14:25:02","modified_gmt":"2026-03-11T14:25:02","slug":"moto-watch-100","status":"publish","type":"product","link":"https:\/\/celsonido123.com\/index.php\/product\/moto-watch-100\/","title":{"rendered":"Moto Watch 100"},"content":{"rendered":"<p>Elegante smartwatch de aluminio, equipado con control de salud din\u00e1mico y m\u00e1s de 26 modos deportivos, puls\u00f3metro, seguimiento del sue\u00f1o y pod\u00f3metro. Numerosas prestaciones para el d\u00eda a d\u00eda, fijaci\u00f3n de objetivos y notificaciones inteligentes para controlar tu progreso personal.<\/p>\n","protected":false},"excerpt":{"rendered":"<p>Elegante smartwatch de aluminio, equipado con control de salud din\u00e1mico y m\u00e1s de 26 modos deportivos, puls\u00f3metro, seguimiento del sue\u00f1o<\/p>\n","protected":false},"featured_media":10608,"comment_status":"open","ping_status":"closed","template":"","meta":[],"product_cat":[162],"product_tag":[],"_links":{"self":[{"href":"https:\/\/celsonido123.com\/index.php\/wp-json\/wp\/v2\/product\/10607"}],"collection":[{"href":"https:\/\/celsonido123.com\/index.php\/wp-json\/wp\/v2\/product"}],"about":[{"href":"https:\/\/celsonido123.com\/index.php\/wp-json\/wp\/v2\/types\/product"}],"replies":[{"embeddable":true,"href":"https:\/\/celsonido123.com\/index.php\/wp-json\/wp\/v2\/comments?post=10607"}],"version-history":[{"count":1,"href":"https:\/\/celsonido123.com\/index.php\/wp-json\/wp\/v2\/product\/10607\/revisions"}],"predecessor-version":[{"id":10610,"href":"https:\/\/celsonido123.com\/index.php\/wp-json\/wp\/v2\/product\/10607\/revisions\/10610"}],"wp:featuredmedia":[{"embeddable":true,"href":"https:\/\/celsonido123.com\/index.php\/wp-json\/wp\/v2\/media\/10608"}],"wp:attachment":[{"href":"https:\/\/celsonido123.com\/index.php\/wp-json\/wp\/v2\/media?parent=10607"}],"wp:term":[{"taxonomy":"product_cat","embeddable":true,"href":"https:\/\/celsonido123.com\/index.php\/wp-json\/wp\/v2\/product_cat?post=10607"},{"taxonomy":"product_tag","embeddable":true,"href":"https:\/\/celsonido123.com\/index.php\/wp-json\/wp\/v2\/product_tag?post=10607"}],"curies":[{"name":"wp","href":"https:\/\/api.w.org\/{rel}","templated":true}]}}