{"id":10898,"date":"2024-06-04T16:49:24","date_gmt":"2024-06-04T16:49:24","guid":{"rendered":"https:\/\/celsonido123.com\/?post_type=product&#038;p=10898"},"modified":"2026-03-11T14:31:06","modified_gmt":"2026-03-11T14:31:06","slug":"audifono-jbl-wavebuds","status":"publish","type":"product","link":"https:\/\/celsonido123.com\/index.php\/product\/audifono-jbl-wavebuds\/","title":{"rendered":"Audifono JBL WaveBuds"},"content":{"rendered":"<ul class=\"tab-details__keyFeatures--list\">\n<li class=\"tab-details__keyFeatures--item\">Su dise\u00f1o se ajusta a tus o\u00eddos bloqueando el ruido externo<\/li>\n<li class=\"tab-details__keyFeatures--item\">JBL Wave Buds proporcionan audio durante todo el d\u00eda<\/li>\n<li class=\"tab-details__keyFeatures--item\">Resistentes al agua y al polvo para disfrutarlos siempre<\/li>\n<li class=\"tab-details__keyFeatures--item\">Compatible con App JBL Headphone y disfrute de tu sonido preferido<\/li>\n<\/ul>\n","protected":false},"excerpt":{"rendered":"<p>Su dise\u00f1o se ajusta a tus o\u00eddos bloqueando el ruido externo JBL Wave Buds proporcionan audio durante todo el d\u00eda<\/p>\n","protected":false},"featured_media":10899,"comment_status":"open","ping_status":"closed","template":"","meta":[],"product_cat":[83],"product_tag":[],"_links":{"self":[{"href":"https:\/\/celsonido123.com\/index.php\/wp-json\/wp\/v2\/product\/10898"}],"collection":[{"href":"https:\/\/celsonido123.com\/index.php\/wp-json\/wp\/v2\/product"}],"about":[{"href":"https:\/\/celsonido123.com\/index.php\/wp-json\/wp\/v2\/types\/product"}],"replies":[{"embeddable":true,"href":"https:\/\/celsonido123.com\/index.php\/wp-json\/wp\/v2\/comments?post=10898"}],"version-history":[{"count":1,"href":"https:\/\/celsonido123.com\/index.php\/wp-json\/wp\/v2\/product\/10898\/revisions"}],"predecessor-version":[{"id":10900,"href":"https:\/\/celsonido123.com\/index.php\/wp-json\/wp\/v2\/product\/10898\/revisions\/10900"}],"wp:featuredmedia":[{"embeddable":true,"href":"https:\/\/celsonido123.com\/index.php\/wp-json\/wp\/v2\/media\/10899"}],"wp:attachment":[{"href":"https:\/\/celsonido123.com\/index.php\/wp-json\/wp\/v2\/media?parent=10898"}],"wp:term":[{"taxonomy":"product_cat","embeddable":true,"href":"https:\/\/celsonido123.com\/index.php\/wp-json\/wp\/v2\/product_cat?post=10898"},{"taxonomy":"product_tag","embeddable":true,"href":"https:\/\/celsonido123.com\/index.php\/wp-json\/wp\/v2\/product_tag?post=10898"}],"curies":[{"name":"wp","href":"https:\/\/api.w.org\/{rel}","templated":true}]}}