{"id":10901,"date":"2024-06-04T16:54:16","date_gmt":"2024-06-04T16:54:16","guid":{"rendered":"https:\/\/celsonido123.com\/?post_type=product&#038;p=10901"},"modified":"2026-03-11T14:30:59","modified_gmt":"2026-03-11T14:30:59","slug":"audifono-oseo-kalley","status":"publish","type":"product","link":"https:\/\/celsonido123.com\/index.php\/product\/audifono-oseo-kalley\/","title":{"rendered":"Audifono Oseo Kalley"},"content":{"rendered":"<ul class=\"tab-details__keyFeatures--list\">\n<li class=\"tab-details__keyFeatures--item\">Dise\u00f1o Open-ear, evita peligros a tu alrededor.<\/li>\n<li class=\"tab-details__keyFeatures--item\">Hasta 7 horas de reproducci\u00f3n continuas.<\/li>\n<li class=\"tab-details__keyFeatures--item\">Ideales para personas con p\u00e9rdidas auditivas.<\/li>\n<li class=\"tab-details__keyFeatures--item\">Conducci\u00f3n \u00f3sea, disminuyen el riesgo de lesionar el o\u00eddo.<\/li>\n<li class=\"tab-details__keyFeatures--item\">Diadema con correa ajustable, ad\u00e1ptalos a tu medida.<\/li>\n<\/ul>\n","protected":false},"excerpt":{"rendered":"<p>Dise\u00f1o Open-ear, evita peligros a tu alrededor. Hasta 7 horas de reproducci\u00f3n continuas. Ideales para personas con p\u00e9rdidas auditivas. Conducci\u00f3n<\/p>\n","protected":false},"featured_media":10902,"comment_status":"open","ping_status":"closed","template":"","meta":[],"product_cat":[83],"product_tag":[],"_links":{"self":[{"href":"https:\/\/celsonido123.com\/index.php\/wp-json\/wp\/v2\/product\/10901"}],"collection":[{"href":"https:\/\/celsonido123.com\/index.php\/wp-json\/wp\/v2\/product"}],"about":[{"href":"https:\/\/celsonido123.com\/index.php\/wp-json\/wp\/v2\/types\/product"}],"replies":[{"embeddable":true,"href":"https:\/\/celsonido123.com\/index.php\/wp-json\/wp\/v2\/comments?post=10901"}],"version-history":[{"count":1,"href":"https:\/\/celsonido123.com\/index.php\/wp-json\/wp\/v2\/product\/10901\/revisions"}],"predecessor-version":[{"id":10904,"href":"https:\/\/celsonido123.com\/index.php\/wp-json\/wp\/v2\/product\/10901\/revisions\/10904"}],"wp:featuredmedia":[{"embeddable":true,"href":"https:\/\/celsonido123.com\/index.php\/wp-json\/wp\/v2\/media\/10902"}],"wp:attachment":[{"href":"https:\/\/celsonido123.com\/index.php\/wp-json\/wp\/v2\/media?parent=10901"}],"wp:term":[{"taxonomy":"product_cat","embeddable":true,"href":"https:\/\/celsonido123.com\/index.php\/wp-json\/wp\/v2\/product_cat?post=10901"},{"taxonomy":"product_tag","embeddable":true,"href":"https:\/\/celsonido123.com\/index.php\/wp-json\/wp\/v2\/product_tag?post=10901"}],"curies":[{"name":"wp","href":"https:\/\/api.w.org\/{rel}","templated":true}]}}