{"id":10908,"date":"2024-06-04T16:58:58","date_gmt":"2024-06-04T16:58:58","guid":{"rendered":"https:\/\/celsonido123.com\/?post_type=product&#038;p=10908"},"modified":"2026-03-11T14:30:52","modified_gmt":"2026-03-11T14:30:52","slug":"diadema-gamer-kalley","status":"publish","type":"product","link":"https:\/\/celsonido123.com\/index.php\/product\/diadema-gamer-kalley\/","title":{"rendered":"Diadema Gamer Kalley"},"content":{"rendered":"<ul class=\"tab-details__keyFeatures--list\">\n<li class=\"tab-details__keyFeatures--item\">Almohadillas suaves y c\u00f3modas.<\/li>\n<li class=\"tab-details__keyFeatures--item\">Compatible: pc, port\u00e1til, consola, smartphone.<\/li>\n<li class=\"tab-details__keyFeatures--item\">Diadema y Micr\u00f3fono ajustable, con control de volumen y bot\u00f3n para silenciar.<\/li>\n<li class=\"tab-details__keyFeatures--item\">Reducen el sonido del exterior.<\/li>\n<li class=\"tab-details__keyFeatures--item\">Incluye adaptador de audio 1 a 2, 3.5mm + USB. (Cable 2m)<\/li>\n<\/ul>\n","protected":false},"excerpt":{"rendered":"<p>Almohadillas suaves y c\u00f3modas. Compatible: pc, port\u00e1til, consola, smartphone. Diadema y Micr\u00f3fono ajustable, con control de volumen y bot\u00f3n para<\/p>\n","protected":false},"featured_media":10909,"comment_status":"open","ping_status":"closed","template":"","meta":[],"product_cat":[83],"product_tag":[],"_links":{"self":[{"href":"https:\/\/celsonido123.com\/index.php\/wp-json\/wp\/v2\/product\/10908"}],"collection":[{"href":"https:\/\/celsonido123.com\/index.php\/wp-json\/wp\/v2\/product"}],"about":[{"href":"https:\/\/celsonido123.com\/index.php\/wp-json\/wp\/v2\/types\/product"}],"replies":[{"embeddable":true,"href":"https:\/\/celsonido123.com\/index.php\/wp-json\/wp\/v2\/comments?post=10908"}],"version-history":[{"count":1,"href":"https:\/\/celsonido123.com\/index.php\/wp-json\/wp\/v2\/product\/10908\/revisions"}],"predecessor-version":[{"id":10910,"href":"https:\/\/celsonido123.com\/index.php\/wp-json\/wp\/v2\/product\/10908\/revisions\/10910"}],"wp:featuredmedia":[{"embeddable":true,"href":"https:\/\/celsonido123.com\/index.php\/wp-json\/wp\/v2\/media\/10909"}],"wp:attachment":[{"href":"https:\/\/celsonido123.com\/index.php\/wp-json\/wp\/v2\/media?parent=10908"}],"wp:term":[{"taxonomy":"product_cat","embeddable":true,"href":"https:\/\/celsonido123.com\/index.php\/wp-json\/wp\/v2\/product_cat?post=10908"},{"taxonomy":"product_tag","embeddable":true,"href":"https:\/\/celsonido123.com\/index.php\/wp-json\/wp\/v2\/product_tag?post=10908"}],"curies":[{"name":"wp","href":"https:\/\/api.w.org\/{rel}","templated":true}]}}