{"id":10923,"date":"2024-06-04T20:17:50","date_gmt":"2024-06-04T20:17:50","guid":{"rendered":"https:\/\/celsonido123.com\/?post_type=product&#038;p=10923"},"modified":"2026-03-11T14:30:45","modified_gmt":"2026-03-11T14:30:45","slug":"audifonos-jbl-tune-500bt","status":"publish","type":"product","link":"https:\/\/celsonido123.com\/index.php\/product\/audifonos-jbl-tune-500bt\/","title":{"rendered":"Audifonos JBL Tune 500bt"},"content":{"rendered":"<ul class=\"tab-details__keyFeatures--list\">\n<li class=\"tab-details__keyFeatures--item\">F\u00e1ciles de llevar por su material ligero y dise\u00f1o plegable<\/li>\n<li class=\"tab-details__keyFeatures--item\">Con tan solo un toque controlas f\u00e1cil tu m\u00fasica y llamadas<\/li>\n<li class=\"tab-details__keyFeatures--item\">Cable antinudos, plano y plegable facilitan la portabilidad<\/li>\n<li class=\"tab-details__keyFeatures--item\">Pulsa el bot\u00f3n del control remoto y accede a Siri o Google<\/li>\n<\/ul>\n","protected":false},"excerpt":{"rendered":"<p>F\u00e1ciles de llevar por su material ligero y dise\u00f1o plegable Con tan solo un toque controlas f\u00e1cil tu m\u00fasica y<\/p>\n","protected":false},"featured_media":10924,"comment_status":"open","ping_status":"closed","template":"","meta":[],"product_cat":[83],"product_tag":[],"_links":{"self":[{"href":"https:\/\/celsonido123.com\/index.php\/wp-json\/wp\/v2\/product\/10923"}],"collection":[{"href":"https:\/\/celsonido123.com\/index.php\/wp-json\/wp\/v2\/product"}],"about":[{"href":"https:\/\/celsonido123.com\/index.php\/wp-json\/wp\/v2\/types\/product"}],"replies":[{"embeddable":true,"href":"https:\/\/celsonido123.com\/index.php\/wp-json\/wp\/v2\/comments?post=10923"}],"version-history":[{"count":1,"href":"https:\/\/celsonido123.com\/index.php\/wp-json\/wp\/v2\/product\/10923\/revisions"}],"predecessor-version":[{"id":10925,"href":"https:\/\/celsonido123.com\/index.php\/wp-json\/wp\/v2\/product\/10923\/revisions\/10925"}],"wp:featuredmedia":[{"embeddable":true,"href":"https:\/\/celsonido123.com\/index.php\/wp-json\/wp\/v2\/media\/10924"}],"wp:attachment":[{"href":"https:\/\/celsonido123.com\/index.php\/wp-json\/wp\/v2\/media?parent=10923"}],"wp:term":[{"taxonomy":"product_cat","embeddable":true,"href":"https:\/\/celsonido123.com\/index.php\/wp-json\/wp\/v2\/product_cat?post=10923"},{"taxonomy":"product_tag","embeddable":true,"href":"https:\/\/celsonido123.com\/index.php\/wp-json\/wp\/v2\/product_tag?post=10923"}],"curies":[{"name":"wp","href":"https:\/\/api.w.org\/{rel}","templated":true}]}}