{"id":10937,"date":"2024-06-18T15:45:51","date_gmt":"2024-06-18T15:45:51","guid":{"rendered":"https:\/\/celsonido123.com\/?post_type=product&#038;p=10937"},"modified":"2026-03-11T14:30:38","modified_gmt":"2026-03-11T14:30:38","slug":"maquina-vgr-653","status":"publish","type":"product","link":"https:\/\/celsonido123.com\/index.php\/product\/maquina-vgr-653\/","title":{"rendered":"Maquina Vgr-653"},"content":{"rendered":"<p><span data-spm-anchor-id=\"a2g0o.detail.1000023.i2.3d205991ktbZN1\">1.Recubierta de DLC Hoja: La hoja de esta m\u00e1quina V-653 adopta <\/span><strong>Revestimiento de carbono tipo diamante<\/strong>, Que se vuelve m\u00e1s duro y afilado sobre la base de la hoja original.<\/p>\n<p>2. Potente Motor: la cortadora de pelo est\u00e1 equipada con un motor de potencia magn\u00e9tica profesional de alto rendimiento con una velocidad de hasta<strong>9000RMP,<\/strong>Que puede resolver f\u00e1cilmente varios tipos de cabello con una velocidad m\u00e1s r\u00e1pida y una mayor eficiencia.<\/p>\n<p>3. Dise\u00f1o ergon\u00f3mico: La Curva suave del fuselaje mejora la comodidad de la mano y no se sentir\u00e1 cansado despu\u00e9s de un uso a largo plazo.<\/p>\n<p>4. Pantalla LED: esta cortadora de pelo puede mostrar claramente la potencia actual y le recuerda que lo cargue a tiempo.<\/p>\n<p>5. Cuerpo transparente: la cortadora de pelo est\u00e1 envuelta con una carcasa con alta transmitancia de luz, que est\u00e1 llena de sentido de la tecnolog\u00eda.<\/p>\n","protected":false},"excerpt":{"rendered":"<p>1.Recubierta de DLC Hoja: La hoja de esta m\u00e1quina V-653 adopta Revestimiento de carbono tipo diamante, Que se vuelve m\u00e1s<\/p>\n","protected":false},"featured_media":10938,"comment_status":"open","ping_status":"closed","template":"","meta":[],"product_cat":[165],"product_tag":[],"_links":{"self":[{"href":"https:\/\/celsonido123.com\/index.php\/wp-json\/wp\/v2\/product\/10937"}],"collection":[{"href":"https:\/\/celsonido123.com\/index.php\/wp-json\/wp\/v2\/product"}],"about":[{"href":"https:\/\/celsonido123.com\/index.php\/wp-json\/wp\/v2\/types\/product"}],"replies":[{"embeddable":true,"href":"https:\/\/celsonido123.com\/index.php\/wp-json\/wp\/v2\/comments?post=10937"}],"version-history":[{"count":1,"href":"https:\/\/celsonido123.com\/index.php\/wp-json\/wp\/v2\/product\/10937\/revisions"}],"predecessor-version":[{"id":10939,"href":"https:\/\/celsonido123.com\/index.php\/wp-json\/wp\/v2\/product\/10937\/revisions\/10939"}],"wp:featuredmedia":[{"embeddable":true,"href":"https:\/\/celsonido123.com\/index.php\/wp-json\/wp\/v2\/media\/10938"}],"wp:attachment":[{"href":"https:\/\/celsonido123.com\/index.php\/wp-json\/wp\/v2\/media?parent=10937"}],"wp:term":[{"taxonomy":"product_cat","embeddable":true,"href":"https:\/\/celsonido123.com\/index.php\/wp-json\/wp\/v2\/product_cat?post=10937"},{"taxonomy":"product_tag","embeddable":true,"href":"https:\/\/celsonido123.com\/index.php\/wp-json\/wp\/v2\/product_tag?post=10937"}],"curies":[{"name":"wp","href":"https:\/\/api.w.org\/{rel}","templated":true}]}}