{"id":10946,"date":"2024-06-18T16:01:56","date_gmt":"2024-06-18T16:01:56","guid":{"rendered":"https:\/\/celsonido123.com\/?post_type=product&#038;p=10946"},"modified":"2026-03-11T14:30:15","modified_gmt":"2026-03-11T14:30:15","slug":"patillera-vgr-922","status":"publish","type":"product","link":"https:\/\/celsonido123.com\/index.php\/product\/patillera-vgr-922\/","title":{"rendered":"Patillera Vgr-922"},"content":{"rendered":"<p>Tipo de motor: Rotary<\/p>\n<p>Tiempo de carga de la bater\u00eda: Hasta 2 horas<\/p>\n<p>Material de la hoja: STAINLESS STEEL<\/p>\n<p>Duraci\u00f3n de la bater\u00eda: M\u00e1s de 90 minutos<\/p>\n<p>Tipo de energ\u00eda: Red y de operaci\u00f3n de la bater\u00eda<\/p>\n<p>Funci\u00f3n: De ajuste de la longitud,Mojado pelo,Seco, corte de pelo,Autom\u00e1tica de selecci\u00f3n basado en cerdas de densidad,Lavado cuchillos bajo el agua,Carga r\u00e1pida,Indicaci\u00f3n de carga<\/p>\n<p>M\u00e1xima longitud de corte: Menos de 5 mm<\/p>\n<p>Longitud m\u00ednima de corte: 0,5-1mm<\/p>\n<p>Ajuste de la longitud de m\u00e9todo: Cambio de boquillas<\/p>\n<p>N\u00famero de boquillas: 3 \u2013 4 piezas<\/p>\n<p>Prop\u00f3sito: Para barba y bigote,Para el cuerpo,Para las cejas,Para la cabeza<\/p>\n<p>Tama\u00f1o: 16.2\\*4.2\\*4cm<\/p>\n","protected":false},"excerpt":{"rendered":"<p>Tipo de motor: Rotary Tiempo de carga de la bater\u00eda: Hasta 2 horas Material de la hoja: STAINLESS STEEL Duraci\u00f3n<\/p>\n","protected":false},"featured_media":10947,"comment_status":"open","ping_status":"closed","template":"","meta":[],"product_cat":[165],"product_tag":[],"_links":{"self":[{"href":"https:\/\/celsonido123.com\/index.php\/wp-json\/wp\/v2\/product\/10946"}],"collection":[{"href":"https:\/\/celsonido123.com\/index.php\/wp-json\/wp\/v2\/product"}],"about":[{"href":"https:\/\/celsonido123.com\/index.php\/wp-json\/wp\/v2\/types\/product"}],"replies":[{"embeddable":true,"href":"https:\/\/celsonido123.com\/index.php\/wp-json\/wp\/v2\/comments?post=10946"}],"version-history":[{"count":1,"href":"https:\/\/celsonido123.com\/index.php\/wp-json\/wp\/v2\/product\/10946\/revisions"}],"predecessor-version":[{"id":10948,"href":"https:\/\/celsonido123.com\/index.php\/wp-json\/wp\/v2\/product\/10946\/revisions\/10948"}],"wp:featuredmedia":[{"embeddable":true,"href":"https:\/\/celsonido123.com\/index.php\/wp-json\/wp\/v2\/media\/10947"}],"wp:attachment":[{"href":"https:\/\/celsonido123.com\/index.php\/wp-json\/wp\/v2\/media?parent=10946"}],"wp:term":[{"taxonomy":"product_cat","embeddable":true,"href":"https:\/\/celsonido123.com\/index.php\/wp-json\/wp\/v2\/product_cat?post=10946"},{"taxonomy":"product_tag","embeddable":true,"href":"https:\/\/celsonido123.com\/index.php\/wp-json\/wp\/v2\/product_tag?post=10946"}],"curies":[{"name":"wp","href":"https:\/\/api.w.org\/{rel}","templated":true}]}}