{"id":10949,"date":"2024-06-18T16:11:55","date_gmt":"2024-06-18T16:11:55","guid":{"rendered":"https:\/\/celsonido123.com\/?post_type=product&#038;p=10949"},"modified":"2026-03-11T14:30:06","modified_gmt":"2026-03-11T14:30:06","slug":"maquina-wahl-cut-color-code","status":"publish","type":"product","link":"https:\/\/celsonido123.com\/index.php\/product\/maquina-wahl-cut-color-code\/","title":{"rendered":"Maquina Wahl Cut Color Code"},"content":{"rendered":"<ul class=\"product-features\">\n<li>Palanca de inclinaci\u00f3n<\/li>\n<li>Estuche<\/li>\n<li>17 Piezas<\/li>\n<li>10 peines gu\u00eda (3, 6, 10, 13, 16, 19, 22, 25 mm &amp; Gu\u00eda izquierda de orejas, Gu\u00eda derecha de orejas)<\/li>\n<\/ul>\n","protected":false},"excerpt":{"rendered":"<p>Palanca de inclinaci\u00f3n Estuche 17 Piezas 10 peines gu\u00eda (3, 6, 10, 13, 16, 19, 22, 25 mm &amp; Gu\u00eda<\/p>\n","protected":false},"featured_media":10950,"comment_status":"open","ping_status":"closed","template":"","meta":[],"product_cat":[165],"product_tag":[],"_links":{"self":[{"href":"https:\/\/celsonido123.com\/index.php\/wp-json\/wp\/v2\/product\/10949"}],"collection":[{"href":"https:\/\/celsonido123.com\/index.php\/wp-json\/wp\/v2\/product"}],"about":[{"href":"https:\/\/celsonido123.com\/index.php\/wp-json\/wp\/v2\/types\/product"}],"replies":[{"embeddable":true,"href":"https:\/\/celsonido123.com\/index.php\/wp-json\/wp\/v2\/comments?post=10949"}],"version-history":[{"count":1,"href":"https:\/\/celsonido123.com\/index.php\/wp-json\/wp\/v2\/product\/10949\/revisions"}],"predecessor-version":[{"id":10951,"href":"https:\/\/celsonido123.com\/index.php\/wp-json\/wp\/v2\/product\/10949\/revisions\/10951"}],"wp:featuredmedia":[{"embeddable":true,"href":"https:\/\/celsonido123.com\/index.php\/wp-json\/wp\/v2\/media\/10950"}],"wp:attachment":[{"href":"https:\/\/celsonido123.com\/index.php\/wp-json\/wp\/v2\/media?parent=10949"}],"wp:term":[{"taxonomy":"product_cat","embeddable":true,"href":"https:\/\/celsonido123.com\/index.php\/wp-json\/wp\/v2\/product_cat?post=10949"},{"taxonomy":"product_tag","embeddable":true,"href":"https:\/\/celsonido123.com\/index.php\/wp-json\/wp\/v2\/product_tag?post=10949"}],"curies":[{"name":"wp","href":"https:\/\/api.w.org\/{rel}","templated":true}]}}