{"id":11018,"date":"2025-01-15T15:46:44","date_gmt":"2025-01-15T15:46:44","guid":{"rendered":"https:\/\/celsonido123.com\/?post_type=product&#038;p=11018"},"modified":"2026-03-11T14:32:38","modified_gmt":"2026-03-11T14:32:38","slug":"xiaomi-redmi-note-14-8ram-256gb","status":"publish","type":"product","link":"https:\/\/celsonido123.com\/index.php\/product\/xiaomi-redmi-note-14-8ram-256gb\/","title":{"rendered":"Xiaomi Redmi Note 14 8ram\/256gb"},"content":{"rendered":"<table class=\"tabla-datos\">\n<tbody>\n<tr>\n<td class=\"align-left\">\n<p data-mrf-recirculation=\"Article links\">AMOLED de 6,67 pulgadas<\/p>\n<p data-mrf-recirculation=\"Article links\">Resoluci\u00f3n de 2.400 x 1.080 p\u00edxeles<\/p>\n<p data-mrf-recirculation=\"Article links\">Refresco: 120 Hz<\/p>\n<p data-mrf-recirculation=\"Article links\">Brillo m\u00e1x: 1.800 nits<\/p>\n<table class=\"tabla-datos\">\n<tbody>\n<tr>\n<th class=\"align-left\"><\/th>\n<td class=\"align-left\"><\/td>\n<\/tr>\n<\/tbody>\n<\/table>\n<\/td>\n<\/tr>\n<\/tbody>\n<\/table>\n<table class=\"tabla-datos\" width=\"363\">\n<tbody>\n<tr>\n<th class=\"align-left\">\n<p data-mrf-recirculation=\"Article links\">DIMENSIONES Y PESO<\/p>\n<\/th>\n<td class=\"align-left\">\n<p data-mrf-recirculation=\"Article links\">164,84 x 78,15 x 8,16 mm<\/p>\n<p data-mrf-recirculation=\"Article links\">200 g<\/p>\n<\/td>\n<\/tr>\n<\/tbody>\n<\/table>\n<table class=\"tabla-datos\">\n<tbody>\n<tr>\n<th class=\"align-left\">\n<p data-mrf-recirculation=\"Article links\">PROCESADOR<\/p>\n<\/th>\n<td class=\"align-left\">\n<p data-mrf-recirculation=\"Article links\">MediaTek Helio G99-Ultra<\/p>\n<\/td>\n<\/tr>\n<\/tbody>\n<\/table>\n<table class=\"tabla-datos\">\n<tbody>\n<tr>\n<th class=\"align-left\">\n<p data-mrf-recirculation=\"Article links\">C\u00c1MARA TRASERA<\/p>\n<\/th>\n<td class=\"align-left\">\n<p data-mrf-recirculation=\"Article links\"><strong>Principal<\/strong>: 108 MP, f\/1.7<\/p>\n<p data-mrf-recirculation=\"Article links\"><strong>Macro<\/strong>: 2 MP, f\/2.4<\/p>\n<p data-mrf-recirculation=\"Article links\"><strong>Profundidad<\/strong>: 8 MP, f\/2.2<\/p>\n<\/td>\n<\/tr>\n<\/tbody>\n<\/table>\n<table class=\"tabla-datos\">\n<tbody>\n<tr>\n<th class=\"align-left\">\n<p data-mrf-recirculation=\"Article links\">BATER\u00cdA<\/p>\n<\/th>\n<td class=\"align-left\">\n<p data-mrf-recirculation=\"Article links\">5.500 mAh<\/p>\n<p data-mrf-recirculation=\"Article links\">Carga de 33 W<\/p>\n<\/td>\n<\/tr>\n<\/tbody>\n<\/table>\n","protected":false},"excerpt":{"rendered":"<p>AMOLED de 6,67 pulgadas Resoluci\u00f3n de 2.400 x 1.080 p\u00edxeles Refresco: 120 Hz Brillo m\u00e1x: 1.800 nits DIMENSIONES Y PESO<\/p>\n","protected":false},"featured_media":11019,"comment_status":"open","ping_status":"closed","template":"","meta":[],"product_cat":[163],"product_tag":[],"_links":{"self":[{"href":"https:\/\/celsonido123.com\/index.php\/wp-json\/wp\/v2\/product\/11018"}],"collection":[{"href":"https:\/\/celsonido123.com\/index.php\/wp-json\/wp\/v2\/product"}],"about":[{"href":"https:\/\/celsonido123.com\/index.php\/wp-json\/wp\/v2\/types\/product"}],"replies":[{"embeddable":true,"href":"https:\/\/celsonido123.com\/index.php\/wp-json\/wp\/v2\/comments?post=11018"}],"version-history":[{"count":1,"href":"https:\/\/celsonido123.com\/index.php\/wp-json\/wp\/v2\/product\/11018\/revisions"}],"predecessor-version":[{"id":11020,"href":"https:\/\/celsonido123.com\/index.php\/wp-json\/wp\/v2\/product\/11018\/revisions\/11020"}],"wp:featuredmedia":[{"embeddable":true,"href":"https:\/\/celsonido123.com\/index.php\/wp-json\/wp\/v2\/media\/11019"}],"wp:attachment":[{"href":"https:\/\/celsonido123.com\/index.php\/wp-json\/wp\/v2\/media?parent=11018"}],"wp:term":[{"taxonomy":"product_cat","embeddable":true,"href":"https:\/\/celsonido123.com\/index.php\/wp-json\/wp\/v2\/product_cat?post=11018"},{"taxonomy":"product_tag","embeddable":true,"href":"https:\/\/celsonido123.com\/index.php\/wp-json\/wp\/v2\/product_tag?post=11018"}],"curies":[{"name":"wp","href":"https:\/\/api.w.org\/{rel}","templated":true}]}}