{"id":11381,"date":"2025-04-21T21:30:32","date_gmt":"2025-04-21T21:30:32","guid":{"rendered":"https:\/\/celsonido123.com\/?post_type=product&#038;p=11381"},"modified":"2025-04-21T22:12:34","modified_gmt":"2025-04-21T22:12:34","slug":"iphone-16-128gb","status":"publish","type":"product","link":"https:\/\/celsonido123.com\/index.php\/product\/iphone-16-128gb\/","title":{"rendered":"Iphone 16 128gb"},"content":{"rendered":"<div class=\"gb-group group-wrap-layout wrap-right\">\n<h3 class=\"gb-header alignment horizontal-align-left\">Capacidad<sup>1<\/sup><\/h3>\n<ul class=\"list gb-list alignment horizontal-align-left undecorated-list\">\n<li class=\"gb-list_item\">\n<p class=\"gb-paragraph\">128 GB<\/p>\n<\/li>\n<\/ul>\n<\/div>\n<div class=\"gb-group group-wrap-layout wrap-right\">\n<h3 class=\"gb-header alignment horizontal-align-left\">Tama\u00f1o y peso<sup>2<\/sup><\/h3>\n<ul class=\"list gb-list alignment horizontal-align-left undecorated-list\">\n<li class=\"gb-list_item\">\n<p class=\"gb-paragraph\"><b>Ancho:<\/b>\u00a071.6\u00a0mm<\/p>\n<\/li>\n<li class=\"gb-list_item\">\n<p class=\"gb-paragraph\"><b>Alto:<\/b>\u00a0147.6\u00a0mm<\/p>\n<\/li>\n<li class=\"gb-list_item\">\n<p class=\"gb-paragraph\"><b>Grosor:<\/b>\u00a07.8 mm<\/p>\n<\/li>\n<li class=\"gb-list_item\">\n<p class=\"gb-paragraph\"><b>Peso:<\/b>\u00a0170 g<\/p>\n<\/li>\n<\/ul>\n<\/div>\n<div class=\"gb-group group-wrap-layout wrap-right\">\n<h3 class=\"gb-header alignment horizontal-align-left\">Pantalla<\/h3>\n<ul class=\"list gb-list alignment horizontal-align-left undecorated-list\">\n<li class=\"gb-list_item\">\n<p class=\"gb-paragraph\">Pantalla Super Retina XDR<\/p>\n<\/li>\n<li class=\"gb-list_item\">\n<p class=\"gb-paragraph\">Pantalla OLED de 6.1 pulgadas (diagonal) sin marco<\/p>\n<\/li>\n<li class=\"gb-list_item\">\n<p class=\"gb-paragraph\">Resoluci\u00f3n de 2556 x 1179 pixeles a 460 ppi<\/p>\n<\/li>\n<li class=\"gb-list_item\">\n<p class=\"gb-paragraph\">Dynamic Island<\/p>\n<\/li>\n<li class=\"gb-list_item\">\n<p class=\"gb-paragraph\">Pantalla HDR<\/p>\n<\/li>\n<li class=\"gb-list_item\">\n<p class=\"gb-paragraph\">True Tone<\/p>\n<\/li>\n<li class=\"gb-list_item\">\n<p class=\"gb-paragraph\">Amplia gama de colores (P3)<\/p>\n<\/li>\n<li class=\"gb-list_item\">\n<p class=\"gb-paragraph\">Toque con respuesta h\u00e1ptica<\/p>\n<\/li>\n<li class=\"gb-list_item\">\n<p class=\"gb-paragraph\">Relaci\u00f3n de contraste 2,000,000:1 (normal)<\/p>\n<\/li>\n<li class=\"gb-list_item\">\n<p class=\"gb-paragraph\">Brillo m\u00e1ximo de 1,000 nits (normal); pico de brillo de 1,600 nits (HDR); pico de brillo de 2,000 nits (en exteriores); brillo m\u00ednimo de 1 nit<\/p>\n<\/li>\n<li class=\"gb-list_item\">\n<p class=\"gb-paragraph\">Revestimiento oleof\u00f3bico resistente a huellas dactilares<\/p>\n<\/li>\n<li class=\"gb-list_item\">\n<p class=\"gb-paragraph\">Compatibilidad para mostrar varios idiomas y caracteres simult\u00e1neamente<\/p>\n<\/li>\n<\/ul>\n<div class=\"note gb-note alignment horizontal-align-left\">\n<p class=\"gb-paragraph\">La pantalla del iPhone 16 tiene esquinas redondeadas que siguen el elegante dise\u00f1o curvo del tel\u00e9fono, y las esquinas se encuentran dentro de un rect\u00e1ngulo est\u00e1ndar. Si se mide en forma de rect\u00e1ngulo est\u00e1ndar, la pantalla tiene 6.12 pulgadas en diagonal (el \u00e1rea real de visualizaci\u00f3n es menor).<\/p>\n<\/div>\n<\/div>\n<div class=\"gb-group group-wrap-layout wrap-right\">\n<h3 class=\"gb-header alignment horizontal-align-left\">Resistencia a las salpicaduras, al agua y al polvo<sup>3<\/sup><\/h3>\n<p class=\"gb-paragraph alignment horizontal-align-left\">Clasificaci\u00f3n IP68 (hasta 30 minutos a una profundidad m\u00e1xima de 6 metros) seg\u00fan la norma IEC 60529<\/p>\n<\/div>\n<div class=\"gb-group group-wrap-layout wrap-right\">\n<div class=\"note gb-note alignment horizontal-align-left\">\n<p class=\"gb-paragraph\"><a class=\"gb-anchor\" href=\"https:\/\/apple.com\/mx\/apple-intelligence\/\">M\u00e1s informaci\u00f3n sobre Apple Intelligence<\/a><\/p>\n<\/div>\n<\/div>\n<div class=\"gb-group group-wrap-layout wrap-right\">\n<h3 class=\"gb-header alignment horizontal-align-left\">Chip<\/h3>\n<ul class=\"list gb-list alignment horizontal-align-left undecorated-list\">\n<li class=\"gb-list_item\">\n<p class=\"gb-paragraph\">Chip A18<\/p>\n<\/li>\n<li class=\"gb-list_item\">\n<p class=\"gb-paragraph\">Nuevo CPU de 6 n\u00facleos con 2 n\u00facleos de rendimiento y 4 de eficiencia<\/p>\n<\/li>\n<li class=\"gb-list_item\">\n<p class=\"gb-paragraph\">Nuevo GPU de 5 n\u00facleos<\/p>\n<\/li>\n<li class=\"gb-list_item\">\n<p class=\"gb-paragraph\">Nuevo Neural Engine de 16 n\u00facleos<\/p>\n<\/li>\n<\/ul>\n<\/div>\n<div class=\"gb-group group-wrap-layout wrap-right\">\n<h3 class=\"gb-header alignment horizontal-align-left\">C\u00e1mara<\/h3>\n<p class=\"gb-paragraph alignment horizontal-align-left\"><b>Sistema avanzado de dos c\u00e1maras<\/b><\/p>\n<ul class=\"list gb-list alignment horizontal-align-left undecorated-list\">\n<li class=\"gb-list_item\">\n<p class=\"gb-paragraph\">Fusion de 48 MP: 26 mm, apertura de \u0192\/1.6, estabilizaci\u00f3n \u00f3ptica de imagen por desplazamiento de sensor, 100% Focus Pixels, admite fotos en superalta resoluci\u00f3n (24 MP y 48 MP)<\/p>\n<\/li>\n<li class=\"gb-list_item\">\n<p class=\"gb-paragraph\">Tambi\u00e9n permite teleobjetivo de 2x de 12 MP: 52 mm, apertura de \u0192\/1.6, estabilizaci\u00f3n \u00f3ptica de imagen por desplazamiento de sensor, 100% Focus Pixels<\/p>\n<\/li>\n<li class=\"gb-list_item\">\n<p class=\"gb-paragraph\">Ultra gran angular de 12 MP: 13 mm, apertura de \u0192\/2.2 y \u00e1ngulo de visi\u00f3n de 120\u00b0, 100% Focus Pixels<\/p>\n<\/li>\n<li class=\"gb-list_item\">\n<p class=\"gb-paragraph\">Zoom \u00f3ptico de 2x para acercar, zoom \u00f3ptico de 2x para alejar; rango de zoom \u00f3ptico de 4x<\/p>\n<\/li>\n<li class=\"gb-list_item\">\n<p class=\"gb-paragraph\">Zoom digital de hasta 10x<\/p>\n<\/li>\n<li class=\"gb-list_item\">\n<p class=\"gb-paragraph\">Control de la C\u00e1mara<\/p>\n<\/li>\n<li class=\"gb-list_item\">\n<p class=\"gb-paragraph\">Cubierta del lente de cristal de zafiro<\/p>\n<\/li>\n<li class=\"gb-list_item\">\n<p class=\"gb-paragraph\">Flash True Tone<\/p>\n<\/li>\n<li class=\"gb-list_item\">\n<p class=\"gb-paragraph\">Photonic Engine<\/p>\n<\/li>\n<li class=\"gb-list_item\">\n<p class=\"gb-paragraph\">Deep Fusion<\/p>\n<\/li>\n<li class=\"gb-list_item\">\n<p class=\"gb-paragraph\">HDR Inteligente 5<\/p>\n<\/li>\n<li class=\"gb-list_item\">\n<p class=\"gb-paragraph\">Retratos de \u00faltima generaci\u00f3n con Control de Enfoque y Control de Profundidad<\/p>\n<\/li>\n<li class=\"gb-list_item\">\n<p class=\"gb-paragraph\">Iluminaci\u00f3n de Retrato con seis efectos<\/p>\n<\/li>\n<li class=\"gb-list_item\">\n<p class=\"gb-paragraph\">Modo Noche<\/p>\n<\/li>\n<li class=\"gb-list_item\">\n<p class=\"gb-paragraph\">Fotos panor\u00e1micas (hasta 63 MP)<\/p>\n<\/li>\n<li class=\"gb-list_item\">\n<p class=\"gb-paragraph\">Estilos Fotogr\u00e1ficos de \u00faltima generaci\u00f3n<\/p>\n<\/li>\n<li class=\"gb-list_item\">\n<p class=\"gb-paragraph\">Fotos espaciales<\/p>\n<\/li>\n<li class=\"gb-list_item\">\n<p class=\"gb-paragraph\">Fotograf\u00eda macro<\/p>\n<\/li>\n<li class=\"gb-list_item\">\n<p class=\"gb-paragraph\">Amplia gama de colores en fotos y Live Photos<\/p>\n<\/li>\n<li class=\"gb-list_item\">\n<p class=\"gb-paragraph\">Correcci\u00f3n de lente (c\u00e1mara ultra gran angular)<\/p>\n<\/li>\n<li class=\"gb-list_item\">\n<p class=\"gb-paragraph\">Correcci\u00f3n avanzada de ojos rojos<\/p>\n<\/li>\n<li class=\"gb-list_item\">\n<p class=\"gb-paragraph\">Estabilizaci\u00f3n autom\u00e1tica de imagen<\/p>\n<\/li>\n<li class=\"gb-list_item\">\n<p class=\"gb-paragraph\">Modo R\u00e1faga<\/p>\n<\/li>\n<li class=\"gb-list_item\">\n<p class=\"gb-paragraph\">Geoetiquetado de fotos<\/p>\n<\/li>\n<li class=\"gb-list_item\">\n<p class=\"gb-paragraph\">Captura de imagen en formatos HEIF y JPEG<\/p>\n<\/li>\n<\/ul>\n<\/div>\n","protected":false},"excerpt":{"rendered":"<p>Capacidad1 128 GB Tama\u00f1o y peso2 Ancho:\u00a071.6\u00a0mm Alto:\u00a0147.6\u00a0mm Grosor:\u00a07.8 mm Peso:\u00a0170 g Pantalla Pantalla Super Retina XDR Pantalla OLED de<\/p>\n","protected":false},"featured_media":11402,"comment_status":"open","ping_status":"closed","template":"","meta":[],"product_cat":[163],"product_tag":[],"_links":{"self":[{"href":"https:\/\/celsonido123.com\/index.php\/wp-json\/wp\/v2\/product\/11381"}],"collection":[{"href":"https:\/\/celsonido123.com\/index.php\/wp-json\/wp\/v2\/product"}],"about":[{"href":"https:\/\/celsonido123.com\/index.php\/wp-json\/wp\/v2\/types\/product"}],"replies":[{"embeddable":true,"href":"https:\/\/celsonido123.com\/index.php\/wp-json\/wp\/v2\/comments?post=11381"}],"version-history":[{"count":3,"href":"https:\/\/celsonido123.com\/index.php\/wp-json\/wp\/v2\/product\/11381\/revisions"}],"predecessor-version":[{"id":11415,"href":"https:\/\/celsonido123.com\/index.php\/wp-json\/wp\/v2\/product\/11381\/revisions\/11415"}],"wp:featuredmedia":[{"embeddable":true,"href":"https:\/\/celsonido123.com\/index.php\/wp-json\/wp\/v2\/media\/11402"}],"wp:attachment":[{"href":"https:\/\/celsonido123.com\/index.php\/wp-json\/wp\/v2\/media?parent=11381"}],"wp:term":[{"taxonomy":"product_cat","embeddable":true,"href":"https:\/\/celsonido123.com\/index.php\/wp-json\/wp\/v2\/product_cat?post=11381"},{"taxonomy":"product_tag","embeddable":true,"href":"https:\/\/celsonido123.com\/index.php\/wp-json\/wp\/v2\/product_tag?post=11381"}],"curies":[{"name":"wp","href":"https:\/\/api.w.org\/{rel}","templated":true}]}}