{"id":11597,"date":"2025-05-21T14:37:59","date_gmt":"2025-05-21T14:37:59","guid":{"rendered":"https:\/\/celsonido123.com\/?post_type=product&#038;p=11597"},"modified":"2025-05-21T14:37:59","modified_gmt":"2025-05-21T14:37:59","slug":"jbl-clip-5","status":"publish","type":"product","link":"https:\/\/celsonido123.com\/index.php\/product\/jbl-clip-5\/","title":{"rendered":"Jbl Clip 5"},"content":{"rendered":"<p>El altavoz Bluetooth ultraport\u00e1til JBL Clip 5 es lo suficientemente peque\u00f1o como para llevarlo en una mano, pero que no te enga\u00f1e su tama\u00f1o: es grande donde de verdad importa. Un mosquet\u00f3n ancho y totalmente integrado permite engancharlo a casi cualquier cosa.<\/p>\n<p><span class=\"spec-key\">Potencia de salida <\/span><span class=\"spec-value\">7w<\/span><\/p>\n<p><span class=\"spec-key\">Respuesta de frecuencia din\u00e1mica\u00a0 <\/span><span class=\"spec-value\">95 Hz &#8211; 20 kHz\u00a0<\/span><\/p>\n<div class=\"spec-row\"><span class=\"spec-key\">Dimensiones (in)\u00a0 <\/span><span class=\"spec-value\">3.4 x 5.3 x 1.8<\/span><\/div>\n<div class=\"spec-row\"><span class=\"spec-key\">Dimensiones (cm)\u00a0 <\/span><span class=\"spec-value\">8.6 x 13.5 x 4.6<\/span><\/div>\n<div class=\"spec-row\"><span class=\"spec-key\">Weight (kgs)\u00a0 <\/span><span class=\"spec-value\">0.285<\/span><\/div>\n<div class=\"spec-row\"><span class=\"spec-key\">Weight (lbs)\u00a0 <\/span><span class=\"spec-value\">0.628<\/span><\/div>\n<div><\/div>\n<div>\n<div class=\"spec-row\"><span class=\"spec-key\">Charging time (hrs) <\/span><span class=\"spec-value\">3<\/span><\/div>\n<div class=\"spec-row\"><span class=\"spec-key\">Tiempo de reproducci\u00f3n de musica <\/span><span class=\"spec-value\">15h<\/span><\/div>\n<div><\/div>\n<div class=\"spec-row\">\n<div class=\"spec-row\"><span class=\"spec-key\">A prueba de salpicaduras\u00a0 <\/span><span class=\"spec-value\">S\u00ed<\/span><\/div>\n<div class=\"spec-row\"><span class=\"spec-key\">Conexi\u00f3n Multipunto\u00a0 <\/span><span class=\"spec-value\">S\u00ed<\/span><\/div>\n<div class=\"spec-row\"><span class=\"spec-key\">Supports Auracast\u00a0 <\/span><span class=\"spec-value\">S\u00ed<\/span><\/div>\n<div class=\"spec-row\"><span class=\"spec-key\">Dustproof\u00a0 <\/span><span class=\"spec-value\">S\u00ed<\/span><\/div>\n<div class=\"spec-row\"><span class=\"spec-key\">Certificaci\u00f3n\u00a0 IPX<\/span><span class=\"spec-value\">IP67<\/span><\/div>\n<div class=\"spec-row\"><span class=\"spec-key\">Charging cable <\/span><span class=\"spec-value\">S\u00ed<\/span><\/div>\n<div class=\"spec-row\"><span class=\"spec-key\">A prueba de agua <\/span><span class=\"spec-value\">S\u00ed<\/span><\/div>\n<div class=\"spec-row\"><span class=\"spec-key\">Wireless <\/span><span class=\"spec-value\">S\u00ed<\/span><\/div>\n<div class=\"spec-row\"><span class=\"spec-key\">Bater\u00eda recargable\u00a0 <\/span><span class=\"spec-value\">S\u00ed<\/span><\/div>\n<div class=\"spec-row\"><span class=\"spec-key\">Bluetooth\u00a0 <\/span><span class=\"spec-value\">S\u00ed<\/span><\/div>\n<p><span class=\"spec-value\">\u00a0<\/span><\/div>\n<\/div>\n","protected":false},"excerpt":{"rendered":"<p>El altavoz Bluetooth ultraport\u00e1til JBL Clip 5 es lo suficientemente peque\u00f1o como para llevarlo en una mano, pero que no<\/p>\n","protected":false},"featured_media":11598,"comment_status":"open","ping_status":"closed","template":"","meta":[],"product_cat":[154],"product_tag":[],"_links":{"self":[{"href":"https:\/\/celsonido123.com\/index.php\/wp-json\/wp\/v2\/product\/11597"}],"collection":[{"href":"https:\/\/celsonido123.com\/index.php\/wp-json\/wp\/v2\/product"}],"about":[{"href":"https:\/\/celsonido123.com\/index.php\/wp-json\/wp\/v2\/types\/product"}],"replies":[{"embeddable":true,"href":"https:\/\/celsonido123.com\/index.php\/wp-json\/wp\/v2\/comments?post=11597"}],"version-history":[{"count":1,"href":"https:\/\/celsonido123.com\/index.php\/wp-json\/wp\/v2\/product\/11597\/revisions"}],"predecessor-version":[{"id":11600,"href":"https:\/\/celsonido123.com\/index.php\/wp-json\/wp\/v2\/product\/11597\/revisions\/11600"}],"wp:featuredmedia":[{"embeddable":true,"href":"https:\/\/celsonido123.com\/index.php\/wp-json\/wp\/v2\/media\/11598"}],"wp:attachment":[{"href":"https:\/\/celsonido123.com\/index.php\/wp-json\/wp\/v2\/media?parent=11597"}],"wp:term":[{"taxonomy":"product_cat","embeddable":true,"href":"https:\/\/celsonido123.com\/index.php\/wp-json\/wp\/v2\/product_cat?post=11597"},{"taxonomy":"product_tag","embeddable":true,"href":"https:\/\/celsonido123.com\/index.php\/wp-json\/wp\/v2\/product_tag?post=11597"}],"curies":[{"name":"wp","href":"https:\/\/api.w.org\/{rel}","templated":true}]}}