{"id":11601,"date":"2025-05-21T14:40:44","date_gmt":"2025-05-21T14:40:44","guid":{"rendered":"https:\/\/celsonido123.com\/?post_type=product&#038;p=11601"},"modified":"2025-05-21T14:40:44","modified_gmt":"2025-05-21T14:40:44","slug":"reloj-smartwatch-kids-kalley","status":"publish","type":"product","link":"https:\/\/celsonido123.com\/index.php\/product\/reloj-smartwatch-kids-kalley\/","title":{"rendered":"Reloj Smartwatch Kids Kalley"},"content":{"rendered":"<div class=\"new-container__about__container\">\n<ul class=\"tab-details__keyFeatures--list\">\n<li class=\"tab-details__keyFeatures--item\">Pantalla AMOLED: Imagen colorida y n\u00edtida<\/li>\n<li class=\"tab-details__keyFeatures--item\">Incluye manilla: Azul-negra, personal\u00edzalo seg\u00fan tu estilo<\/li>\n<li class=\"tab-details__keyFeatures--item\">C\u00e1mara frontal para capturar momentos especiales<\/li>\n<li class=\"tab-details__keyFeatures--item\">Protecci\u00f3n IP67: para soportar inmersiones en el agua<\/li>\n<li class=\"tab-details__keyFeatures--item\">M\u00e1xima seguridad: Ubicaci\u00f3n en tiempo real GPS y Wi-Fi<\/li>\n<\/ul>\n<\/div>\n<div class=\"new-container__about__container\">\n<div class=\"new-container__titles\">\n<h2 class=\"js-subtitle-pdp new-container__titles\">Descripci\u00f3n del producto<\/h2>\n<\/div>\n<div class=\"tab-details__description\">\u00a1Mant\u00e9n a tus peque\u00f1os conectados y seguros con el reloj K-Kids K-SWKA de Kalley! Con funciones de llamada y videollamada, este reloj permite a los padres comunicarse f\u00e1cilmente con sus hijos en cualquier momento. Su sistema de localizaci\u00f3n en tiempo real garantiza que siempre sepas d\u00f3nde est\u00e1 tu hijo. Incluye una alarma de zona extra\u00f1a que te alertar\u00e1 si tu hijo entra en \u00e1reas no seguras, brindando tranquilidad a los padres. Equipado con un micr\u00f3fono, teclado y altavoz, los ni\u00f1os pueden realizar y recibir llamadas de manera sencilla. \u00a1Mant\u00e9n a tu hijo conectado y protegido! \u00a1Ll\u00e9valo hoy mismo!<\/div>\n<\/div>\n","protected":false},"excerpt":{"rendered":"<p>Pantalla AMOLED: Imagen colorida y n\u00edtida Incluye manilla: Azul-negra, personal\u00edzalo seg\u00fan tu estilo C\u00e1mara frontal para capturar momentos especiales Protecci\u00f3n<\/p>\n","protected":false},"featured_media":11602,"comment_status":"open","ping_status":"closed","template":"","meta":[],"product_cat":[162],"product_tag":[],"_links":{"self":[{"href":"https:\/\/celsonido123.com\/index.php\/wp-json\/wp\/v2\/product\/11601"}],"collection":[{"href":"https:\/\/celsonido123.com\/index.php\/wp-json\/wp\/v2\/product"}],"about":[{"href":"https:\/\/celsonido123.com\/index.php\/wp-json\/wp\/v2\/types\/product"}],"replies":[{"embeddable":true,"href":"https:\/\/celsonido123.com\/index.php\/wp-json\/wp\/v2\/comments?post=11601"}],"version-history":[{"count":1,"href":"https:\/\/celsonido123.com\/index.php\/wp-json\/wp\/v2\/product\/11601\/revisions"}],"predecessor-version":[{"id":11604,"href":"https:\/\/celsonido123.com\/index.php\/wp-json\/wp\/v2\/product\/11601\/revisions\/11604"}],"wp:featuredmedia":[{"embeddable":true,"href":"https:\/\/celsonido123.com\/index.php\/wp-json\/wp\/v2\/media\/11602"}],"wp:attachment":[{"href":"https:\/\/celsonido123.com\/index.php\/wp-json\/wp\/v2\/media?parent=11601"}],"wp:term":[{"taxonomy":"product_cat","embeddable":true,"href":"https:\/\/celsonido123.com\/index.php\/wp-json\/wp\/v2\/product_cat?post=11601"},{"taxonomy":"product_tag","embeddable":true,"href":"https:\/\/celsonido123.com\/index.php\/wp-json\/wp\/v2\/product_tag?post=11601"}],"curies":[{"name":"wp","href":"https:\/\/api.w.org\/{rel}","templated":true}]}}