{"id":11617,"date":"2025-05-21T15:23:46","date_gmt":"2025-05-21T15:23:46","guid":{"rendered":"https:\/\/celsonido123.com\/?post_type=product&#038;p=11617"},"modified":"2025-05-21T15:23:47","modified_gmt":"2025-05-21T15:23:47","slug":"shaver-remington-series-f1","status":"publish","type":"product","link":"https:\/\/celsonido123.com\/index.php\/product\/shaver-remington-series-f1\/","title":{"rendered":"Shaver Remington Series F1"},"content":{"rendered":"<div class=\"container\">\n<div class=\"row\">\n<div class=\"col-sm-4 mx-auto\">\n<h4 class=\"text-left h4 LISTADO\"><strong>PERFECTA PARA LLEVAR CONTIGO<\/strong><\/h4>\n<p class=\"p_pixel newaline\">Con hasta 30 minutos de autonom\u00eda inal\u00e1mbrica, esta afeitadora se adapta a tu ritmo de vida. Su bater\u00eda de avanzada tecnolog\u00eda te ofrece un afeitado potente y duradero, mientras que su carga USB te permite llevarla contigo a donde vayas. \u00a1La combinaci\u00f3n perfecta de rendimiento y comodidad!<\/p>\n<\/div>\n<div class=\"col-sm-4 mx-auto\">\n<h4 class=\"text-left h4 LISTADO\"><strong>L\u00c1MINAS DUAL FLEX<\/strong><\/h4>\n<p class=\"p_pixel newaline\">Nuestras l\u00e1minas flexibles,\u00a0<strong>Dual Flex<\/strong>\u00a0se adaptan a los contornos \u00fanicos de tu rostro, proporcionando un deslizamiento suave y preciso. Olv\u00eddate de las irritaciones y disfruta de un acabado impecable. \u00a1Luce tu mejor versi\u00f3n cada d\u00eda!<\/p>\n<\/div>\n<div class=\"col-sm-4 mx-auto\">\n<h4 class=\"text-left h4 LISTADO\"><strong>COMODIDAD EN TU RUTINA DE AFEITADO<\/strong><\/h4>\n<p class=\"p_pixel newaline\">Experimenta la tecnolog\u00eda en tu afeitado con la Remington Style Series F1. Sus hojillas flexibles de acero inoxidable y su dise\u00f1o a prueba de agua garantizan un afeitado perfecto y c\u00f3modo. Olv\u00eddate de los cables y disfruta de una bater\u00eda recargable.<\/p>\n<\/div>\n<\/div>\n<\/div>\n<p><strong style=\"color: #1b1919;\">INCLUYE<\/strong><\/p>\n<div class=\"container\">\n<ul class=\"letra\">\n<li>Afeitadora electrica<\/li>\n<li>Cable cargador<\/li>\n<li>Gu\u00eda de utilizaci\u00f3n y cuidados<\/li>\n<\/ul>\n<\/div>\n","protected":false},"excerpt":{"rendered":"<p>PERFECTA PARA LLEVAR CONTIGO Con hasta 30 minutos de autonom\u00eda inal\u00e1mbrica, esta afeitadora se adapta a tu ritmo de vida.<\/p>\n","protected":false},"featured_media":11618,"comment_status":"open","ping_status":"closed","template":"","meta":[],"product_cat":[165],"product_tag":[],"_links":{"self":[{"href":"https:\/\/celsonido123.com\/index.php\/wp-json\/wp\/v2\/product\/11617"}],"collection":[{"href":"https:\/\/celsonido123.com\/index.php\/wp-json\/wp\/v2\/product"}],"about":[{"href":"https:\/\/celsonido123.com\/index.php\/wp-json\/wp\/v2\/types\/product"}],"replies":[{"embeddable":true,"href":"https:\/\/celsonido123.com\/index.php\/wp-json\/wp\/v2\/comments?post=11617"}],"version-history":[{"count":1,"href":"https:\/\/celsonido123.com\/index.php\/wp-json\/wp\/v2\/product\/11617\/revisions"}],"predecessor-version":[{"id":11620,"href":"https:\/\/celsonido123.com\/index.php\/wp-json\/wp\/v2\/product\/11617\/revisions\/11620"}],"wp:featuredmedia":[{"embeddable":true,"href":"https:\/\/celsonido123.com\/index.php\/wp-json\/wp\/v2\/media\/11618"}],"wp:attachment":[{"href":"https:\/\/celsonido123.com\/index.php\/wp-json\/wp\/v2\/media?parent=11617"}],"wp:term":[{"taxonomy":"product_cat","embeddable":true,"href":"https:\/\/celsonido123.com\/index.php\/wp-json\/wp\/v2\/product_cat?post=11617"},{"taxonomy":"product_tag","embeddable":true,"href":"https:\/\/celsonido123.com\/index.php\/wp-json\/wp\/v2\/product_tag?post=11617"}],"curies":[{"name":"wp","href":"https:\/\/api.w.org\/{rel}","templated":true}]}}