{"id":11624,"date":"2025-05-21T15:29:35","date_gmt":"2025-05-21T15:29:35","guid":{"rendered":"https:\/\/celsonido123.com\/?post_type=product&#038;p=11624"},"modified":"2025-05-21T15:29:35","modified_gmt":"2025-05-21T15:29:35","slug":"babyliss-digital-delgada","status":"publish","type":"product","link":"https:\/\/celsonido123.com\/index.php\/product\/babyliss-digital-delgada\/","title":{"rendered":"Babyliss Digital Delgada"},"content":{"rendered":"<ul>\n<li>Resistencia de cer\u00e1mica de doble voltaje, para un calentamiento y una<br \/>\nrecuperaci\u00f3n del calor instant\u00e1neos.<\/li>\n<li>Placas extralargas para un alisado m\u00e1s r\u00e1pido. Control de temperatura digital<br \/>\ncon indicadores LED y 5 opciones de temperatura hasta 450\u00b0 F (230\u00b0 C).<\/li>\n<li>Carcasa de Ryton\u00ae* resistente a temperaturas ultra-altas<\/li>\n<\/ul>\n","protected":false},"excerpt":{"rendered":"<p>Resistencia de cer\u00e1mica de doble voltaje, para un calentamiento y una recuperaci\u00f3n del calor instant\u00e1neos. Placas extralargas para un alisado<\/p>\n","protected":false},"featured_media":11626,"comment_status":"open","ping_status":"closed","template":"","meta":[],"product_cat":[165],"product_tag":[],"_links":{"self":[{"href":"https:\/\/celsonido123.com\/index.php\/wp-json\/wp\/v2\/product\/11624"}],"collection":[{"href":"https:\/\/celsonido123.com\/index.php\/wp-json\/wp\/v2\/product"}],"about":[{"href":"https:\/\/celsonido123.com\/index.php\/wp-json\/wp\/v2\/types\/product"}],"replies":[{"embeddable":true,"href":"https:\/\/celsonido123.com\/index.php\/wp-json\/wp\/v2\/comments?post=11624"}],"version-history":[{"count":1,"href":"https:\/\/celsonido123.com\/index.php\/wp-json\/wp\/v2\/product\/11624\/revisions"}],"predecessor-version":[{"id":11627,"href":"https:\/\/celsonido123.com\/index.php\/wp-json\/wp\/v2\/product\/11624\/revisions\/11627"}],"wp:featuredmedia":[{"embeddable":true,"href":"https:\/\/celsonido123.com\/index.php\/wp-json\/wp\/v2\/media\/11626"}],"wp:attachment":[{"href":"https:\/\/celsonido123.com\/index.php\/wp-json\/wp\/v2\/media?parent=11624"}],"wp:term":[{"taxonomy":"product_cat","embeddable":true,"href":"https:\/\/celsonido123.com\/index.php\/wp-json\/wp\/v2\/product_cat?post=11624"},{"taxonomy":"product_tag","embeddable":true,"href":"https:\/\/celsonido123.com\/index.php\/wp-json\/wp\/v2\/product_tag?post=11624"}],"curies":[{"name":"wp","href":"https:\/\/api.w.org\/{rel}","templated":true}]}}