{"id":11638,"date":"2025-05-21T15:57:15","date_gmt":"2025-05-21T15:57:15","guid":{"rendered":"https:\/\/celsonido123.com\/?post_type=product&#038;p=11638"},"modified":"2025-05-21T16:24:39","modified_gmt":"2025-05-21T16:24:39","slug":"secador-alizz-21-000","status":"publish","type":"product","link":"https:\/\/celsonido123.com\/index.php\/product\/secador-alizz-21-000\/","title":{"rendered":"Secador Alizz 21.000"},"content":{"rendered":"<ul class=\"ui-vpp-highlighted-specs__features-list\">\n<li class=\"ui-vpp-highlighted-specs__features-list-item ui-pdp-color--BLACK ui-pdp-size--XSMALL ui-pdp-family--REGULAR\">Su potencia es de 4.5kW.<\/li>\n<li class=\"ui-vpp-highlighted-specs__features-list-item ui-pdp-color--BLACK ui-pdp-size--XSMALL ui-pdp-family--REGULAR\">Con 2 velocidades.<\/li>\n<li class=\"ui-vpp-highlighted-specs__features-list-item ui-pdp-color--BLACK ui-pdp-size--XSMALL ui-pdp-family--REGULAR\">Es i\u00f3nico.<\/li>\n<li class=\"ui-vpp-highlighted-specs__features-list-item ui-pdp-color--BLACK ui-pdp-size--XSMALL ui-pdp-family--REGULAR\">Contiene 1 boquilla de conducci\u00f3n.<\/li>\n<li class=\"ui-vpp-highlighted-specs__features-list-item ui-pdp-color--BLACK ui-pdp-size--XSMALL ui-pdp-family--REGULAR\">Voluminiz\u00e1 tu cabello.<\/li>\n<\/ul>\n","protected":false},"excerpt":{"rendered":"<p>Su potencia es de 4.5kW. Con 2 velocidades. Es i\u00f3nico. Contiene 1 boquilla de conducci\u00f3n. Voluminiz\u00e1 tu cabello.<\/p>\n","protected":false},"featured_media":11639,"comment_status":"open","ping_status":"closed","template":"","meta":[],"product_cat":[165],"product_tag":[],"_links":{"self":[{"href":"https:\/\/celsonido123.com\/index.php\/wp-json\/wp\/v2\/product\/11638"}],"collection":[{"href":"https:\/\/celsonido123.com\/index.php\/wp-json\/wp\/v2\/product"}],"about":[{"href":"https:\/\/celsonido123.com\/index.php\/wp-json\/wp\/v2\/types\/product"}],"replies":[{"embeddable":true,"href":"https:\/\/celsonido123.com\/index.php\/wp-json\/wp\/v2\/comments?post=11638"}],"version-history":[{"count":1,"href":"https:\/\/celsonido123.com\/index.php\/wp-json\/wp\/v2\/product\/11638\/revisions"}],"predecessor-version":[{"id":11640,"href":"https:\/\/celsonido123.com\/index.php\/wp-json\/wp\/v2\/product\/11638\/revisions\/11640"}],"wp:featuredmedia":[{"embeddable":true,"href":"https:\/\/celsonido123.com\/index.php\/wp-json\/wp\/v2\/media\/11639"}],"wp:attachment":[{"href":"https:\/\/celsonido123.com\/index.php\/wp-json\/wp\/v2\/media?parent=11638"}],"wp:term":[{"taxonomy":"product_cat","embeddable":true,"href":"https:\/\/celsonido123.com\/index.php\/wp-json\/wp\/v2\/product_cat?post=11638"},{"taxonomy":"product_tag","embeddable":true,"href":"https:\/\/celsonido123.com\/index.php\/wp-json\/wp\/v2\/product_tag?post=11638"}],"curies":[{"name":"wp","href":"https:\/\/api.w.org\/{rel}","templated":true}]}}