{"id":11659,"date":"2025-05-21T16:49:10","date_gmt":"2025-05-21T16:49:10","guid":{"rendered":"https:\/\/celsonido123.com\/?post_type=product&#038;p=11659"},"modified":"2025-05-21T16:49:10","modified_gmt":"2025-05-21T16:49:10","slug":"xiaomi-pocket","status":"publish","type":"product","link":"https:\/\/celsonido123.com\/index.php\/product\/xiaomi-pocket\/","title":{"rendered":"Xiaomi Pocket"},"content":{"rendered":"<div class=\"jsx-3813685378\">\n<div class=\"jsx-1675311072 sub-table-container \">\n<div class=\"jsx-1675311072 attribute first\">\n<div class=\"jsx-1675311072 element key \">Alto<\/div>\n<div class=\"jsx-1675311072 element value\">9.1 cm<\/div>\n<\/div>\n<div class=\"jsx-1675311072 attribute \">\n<div class=\"jsx-1675311072 element key \">Ancho<\/div>\n<div class=\"jsx-1675311072 element value\">7.4 cm<\/div>\n<\/div>\n<\/div>\n<\/div>\n<div class=\"jsx-3813685378\">\n<div class=\"jsx-1675311072 sub-table-container \">\n<p class=\"jsx-1675311072 group-title \">Especificaciones<\/p>\n<div class=\"jsx-1675311072 attribute first\">\n<div class=\"jsx-1675311072 element key \">Referencia del Producto en el Certificado\/Empaque<\/div>\n<div class=\"jsx-1675311072 element value\">Sound Pocket Black<\/div>\n<\/div>\n<div class=\"jsx-1675311072 attribute \">\n<div class=\"jsx-1675311072 element key \">Modelo<\/div>\n<div class=\"jsx-1675311072 element value\">Sound Pocket Black<\/div>\n<\/div>\n<div class=\"jsx-1675311072 attribute \">\n<div class=\"jsx-1675311072 element key \">Cuenta con bluetooth<\/div>\n<div class=\"jsx-1675311072 element value\">Si<\/div>\n<\/div>\n<div class=\"jsx-1675311072 attribute \">\n<div class=\"jsx-1675311072 element key \">Observaciones<\/div>\n<div class=\"jsx-1675311072 element value\">La foto de este producto ha sido ambientada, por lo cual no incluye ning\u00fan adorno, ni accesorios, ni piezas adicionales ni ning\u00fan otro elemento que lo acompa\u00f1an. El color presentado en la fotograf\u00eda es una aproximaci\u00f3n al color real.<\/div>\n<\/div>\n<div class=\"jsx-1675311072 attribute \">\n<div class=\"jsx-1675311072 element key \">Material<\/div>\n<div class=\"jsx-1675311072 element value\">Pl\u00e1stico<\/div>\n<\/div>\n<div class=\"jsx-1675311072 attribute \">\n<div class=\"jsx-1675311072 element key \">T\u00e9rminos Garant\u00eda<\/div>\n<div class=\"jsx-1675311072 element value\">3 meses de garant\u00eda<\/div>\n<\/div>\n<div class=\"jsx-1675311072 attribute \">\n<div class=\"jsx-1675311072 element key \">Pa\u00eds de Origen<\/div>\n<div class=\"jsx-1675311072 element value\">China<\/div>\n<\/div>\n<div class=\"jsx-1675311072 attribute \">\n<div class=\"jsx-1675311072 element key \">Potencia<\/div>\n<div class=\"jsx-1675311072 element value\">5 W<\/div>\n<\/div>\n<div class=\"jsx-1675311072 attribute \">\n<div class=\"jsx-1675311072 element key \">Color<\/div>\n<div class=\"jsx-1675311072 element value\">Negro<\/div>\n<\/div>\n<div class=\"jsx-1675311072 attribute \">\n<div class=\"jsx-1675311072 element key \">Tipo<\/div>\n<div class=\"jsx-1675311072 element value\">Altavoces<\/div>\n<\/div>\n<div class=\"jsx-1675311072 attribute \">\n<div class=\"jsx-1675311072 element key \">Profundidad<\/div>\n<div class=\"jsx-1675311072 element value\">4 cm<\/div>\n<\/div>\n<div class=\"jsx-1675311072 attribute \">\n<div class=\"jsx-1675311072 element key \">Caracter\u00edsticas<\/div>\n<div class=\"jsx-1675311072 element value\">Ofrece un sonido natural, con gran claridad y precisi\u00f3n, que se dispersa uniformemente. Un altavoz que garantiza la misma potencia y calidad en la reproducci\u00f3n de contenido multimedia. Sonido envolvente con una salida de 5W, Bater\u00eda de larga duraci\u00f3n, hasta 10 horas de uso, Resistencia IP67 al polvo y agua.<\/div>\n<\/div>\n<div class=\"jsx-1675311072 attribute \">\n<div class=\"jsx-1675311072 element key \">Formato de reproducci\u00f3n<\/div>\n<div class=\"jsx-1675311072 element value\">MP3<\/div>\n<\/div>\n<div class=\"jsx-1675311072 attribute \">\n<div class=\"jsx-1675311072 element key \">Tipo de altavoces<\/div>\n<div class=\"jsx-1675311072 element value\">Port\u00e1til<\/div>\n<\/div>\n<div class=\"jsx-1675311072 attribute \">\n<div class=\"jsx-1675311072 element key \">Cuenta con control remoto<\/div>\n<div class=\"jsx-1675311072 element value\">No<\/div>\n<\/div>\n<div class=\"jsx-1675311072 attribute \">\n<div class=\"jsx-1675311072 element key \">Recargable<\/div>\n<div class=\"jsx-1675311072 element value\">Si<\/div>\n<\/div>\n<div class=\"jsx-1675311072 attribute \">\n<div class=\"jsx-1675311072 element key \">Opciones de conectividad<\/div>\n<div class=\"jsx-1675311072 element value\">Bluetooth<\/div>\n<\/div>\n<div class=\"jsx-1675311072 attribute \">\n<div class=\"jsx-1675311072 element key \">Cuenta con puertos USB<\/div>\n<div class=\"jsx-1675311072 element value\">No<\/div>\n<\/div>\n<\/div>\n<\/div>\n","protected":false},"excerpt":{"rendered":"<p>Alto 9.1 cm Ancho 7.4 cm Especificaciones Referencia del Producto en el Certificado\/Empaque Sound Pocket Black Modelo Sound Pocket Black<\/p>\n","protected":false},"featured_media":11660,"comment_status":"open","ping_status":"closed","template":"","meta":[],"product_cat":[154],"product_tag":[],"_links":{"self":[{"href":"https:\/\/celsonido123.com\/index.php\/wp-json\/wp\/v2\/product\/11659"}],"collection":[{"href":"https:\/\/celsonido123.com\/index.php\/wp-json\/wp\/v2\/product"}],"about":[{"href":"https:\/\/celsonido123.com\/index.php\/wp-json\/wp\/v2\/types\/product"}],"replies":[{"embeddable":true,"href":"https:\/\/celsonido123.com\/index.php\/wp-json\/wp\/v2\/comments?post=11659"}],"version-history":[{"count":1,"href":"https:\/\/celsonido123.com\/index.php\/wp-json\/wp\/v2\/product\/11659\/revisions"}],"predecessor-version":[{"id":11662,"href":"https:\/\/celsonido123.com\/index.php\/wp-json\/wp\/v2\/product\/11659\/revisions\/11662"}],"wp:featuredmedia":[{"embeddable":true,"href":"https:\/\/celsonido123.com\/index.php\/wp-json\/wp\/v2\/media\/11660"}],"wp:attachment":[{"href":"https:\/\/celsonido123.com\/index.php\/wp-json\/wp\/v2\/media?parent=11659"}],"wp:term":[{"taxonomy":"product_cat","embeddable":true,"href":"https:\/\/celsonido123.com\/index.php\/wp-json\/wp\/v2\/product_cat?post=11659"},{"taxonomy":"product_tag","embeddable":true,"href":"https:\/\/celsonido123.com\/index.php\/wp-json\/wp\/v2\/product_tag?post=11659"}],"curies":[{"name":"wp","href":"https:\/\/api.w.org\/{rel}","templated":true}]}}