{"id":11669,"date":"2025-05-21T17:11:18","date_gmt":"2025-05-21T17:11:18","guid":{"rendered":"https:\/\/celsonido123.com\/?post_type=product&#038;p=11669"},"modified":"2025-05-21T17:11:18","modified_gmt":"2025-05-21T17:11:18","slug":"plancha-remington-mineral-glow","status":"publish","type":"product","link":"https:\/\/celsonido123.com\/index.php\/product\/plancha-remington-mineral-glow\/","title":{"rendered":"Plancha Remington Mineral Glow"},"content":{"rendered":"<div><b>Plancha Alisadora Remington Mineral Glow\u00a0<\/b>con Cuarzo, Turmalina, \u00d3palo y Piedra de Luna \u2022 Placas recubiertas de cer\u00e1mica avanzada \u2022 210\u00b0C \/ 410\u00b0F Max temperatura \u2022 Calentamiento r\u00e1pido \u2022 Control de temperatura digital \u2022 cable giratorio para mayor facilidad en el peinado \u2022 Apagado autom\u00e1tico de seguridad despu\u00e9s de 60 minutos Con la plancha alisadora Mineral Glow de Remington puedes crear el look que quieras, si te gustan los peinados lisos u ondas playeras sin esfuerzo. Gracias al revestimiento de cer\u00e1mica avanzada con cuatro minerales de origen natural (cuarzo, turmalina, \u00f3palo y piedra de luna) siempre conseguir\u00e1s lisos y ondas espectaculares.<\/div>\n<div>Cuenta con diferentes ajustes de temperatura, hasta 210 \u00b0C, para adaptar el calor a tu tipo de cabello. Adem\u00e1s, cuenta con apagado autom\u00e1tico de seguridad despu\u00e9s de 60 minutos uso.<\/div>\n","protected":false},"excerpt":{"rendered":"<p>Plancha Alisadora Remington Mineral Glow\u00a0con Cuarzo, Turmalina, \u00d3palo y Piedra de Luna \u2022 Placas recubiertas de cer\u00e1mica avanzada \u2022 210\u00b0C<\/p>\n","protected":false},"featured_media":11670,"comment_status":"open","ping_status":"closed","template":"","meta":[],"product_cat":[165],"product_tag":[],"_links":{"self":[{"href":"https:\/\/celsonido123.com\/index.php\/wp-json\/wp\/v2\/product\/11669"}],"collection":[{"href":"https:\/\/celsonido123.com\/index.php\/wp-json\/wp\/v2\/product"}],"about":[{"href":"https:\/\/celsonido123.com\/index.php\/wp-json\/wp\/v2\/types\/product"}],"replies":[{"embeddable":true,"href":"https:\/\/celsonido123.com\/index.php\/wp-json\/wp\/v2\/comments?post=11669"}],"version-history":[{"count":1,"href":"https:\/\/celsonido123.com\/index.php\/wp-json\/wp\/v2\/product\/11669\/revisions"}],"predecessor-version":[{"id":11671,"href":"https:\/\/celsonido123.com\/index.php\/wp-json\/wp\/v2\/product\/11669\/revisions\/11671"}],"wp:featuredmedia":[{"embeddable":true,"href":"https:\/\/celsonido123.com\/index.php\/wp-json\/wp\/v2\/media\/11670"}],"wp:attachment":[{"href":"https:\/\/celsonido123.com\/index.php\/wp-json\/wp\/v2\/media?parent=11669"}],"wp:term":[{"taxonomy":"product_cat","embeddable":true,"href":"https:\/\/celsonido123.com\/index.php\/wp-json\/wp\/v2\/product_cat?post=11669"},{"taxonomy":"product_tag","embeddable":true,"href":"https:\/\/celsonido123.com\/index.php\/wp-json\/wp\/v2\/product_tag?post=11669"}],"curies":[{"name":"wp","href":"https:\/\/api.w.org\/{rel}","templated":true}]}}