{"id":11686,"date":"2025-05-21T18:51:39","date_gmt":"2025-05-21T18:51:39","guid":{"rendered":"https:\/\/celsonido123.com\/?post_type=product&#038;p=11686"},"modified":"2025-05-21T18:51:39","modified_gmt":"2025-05-21T18:51:39","slug":"olla-arrocera-kalley-1libra","status":"publish","type":"product","link":"https:\/\/celsonido123.com\/index.php\/product\/olla-arrocera-kalley-1libra\/","title":{"rendered":"Olla Arrocera Kalley 1Libra"},"content":{"rendered":"<div class=\"new-container__about__container\">\n<div class=\"new-container__titles\">\n<h2 class=\"js-subtitle-pdp\">Especificaciones destacadas<\/h2>\n<\/div>\n<ul class=\"tab-details__keyFeatures--list\">\n<li class=\"tab-details__keyFeatures--item\">Capacidad 3 tazas, 0.6L de capacidad<\/li>\n<li class=\"tab-details__keyFeatures--item\">recubrimiento antiadherente, para facilidad en limpieza.<\/li>\n<li class=\"tab-details__keyFeatures--item\">indicador luminoso.<\/li>\n<li class=\"tab-details__keyFeatures--item\">Incluye taza medidora y cuchara<\/li>\n<\/ul>\n<\/div>\n<div class=\"new-container__about__container\">\n<div class=\"new-container__titles\">\n<h2 class=\"js-subtitle-pdp new-container__titles\">Descripci\u00f3n del producto<\/h2>\n<\/div>\n<div class=\"tab-details__description\">La nueva Olla Arrocera KALLEY ser\u00e1 tu mejor aliada en la cocina. Esta olla arrocera te permite cocinar hasta tres tazas de arroz . Disfruta la opci\u00f3n de mantener caliente, la cual hace que tu arroz este caliente por el tiempo que sea necesario antes de servir. Cuenta con recubrimiento antiadherente que evita que los alimentos se peguen, resistente tapa de vidrio templado, indicador luminoso para funciones de cocci\u00f3n y mantener caliente, material de acero inoxidable de alta durabilidad y 300 Watts de potencia de gran desempe\u00f1o con bajo consumo de energ\u00eda. Incluye taza medidora y cuchara<\/div>\n<\/div>\n","protected":false},"excerpt":{"rendered":"<p>Especificaciones destacadas Capacidad 3 tazas, 0.6L de capacidad recubrimiento antiadherente, para facilidad en limpieza. indicador luminoso. Incluye taza medidora y<\/p>\n","protected":false},"featured_media":11687,"comment_status":"open","ping_status":"closed","template":"","meta":[],"product_cat":[167],"product_tag":[],"_links":{"self":[{"href":"https:\/\/celsonido123.com\/index.php\/wp-json\/wp\/v2\/product\/11686"}],"collection":[{"href":"https:\/\/celsonido123.com\/index.php\/wp-json\/wp\/v2\/product"}],"about":[{"href":"https:\/\/celsonido123.com\/index.php\/wp-json\/wp\/v2\/types\/product"}],"replies":[{"embeddable":true,"href":"https:\/\/celsonido123.com\/index.php\/wp-json\/wp\/v2\/comments?post=11686"}],"version-history":[{"count":1,"href":"https:\/\/celsonido123.com\/index.php\/wp-json\/wp\/v2\/product\/11686\/revisions"}],"predecessor-version":[{"id":11688,"href":"https:\/\/celsonido123.com\/index.php\/wp-json\/wp\/v2\/product\/11686\/revisions\/11688"}],"wp:featuredmedia":[{"embeddable":true,"href":"https:\/\/celsonido123.com\/index.php\/wp-json\/wp\/v2\/media\/11687"}],"wp:attachment":[{"href":"https:\/\/celsonido123.com\/index.php\/wp-json\/wp\/v2\/media?parent=11686"}],"wp:term":[{"taxonomy":"product_cat","embeddable":true,"href":"https:\/\/celsonido123.com\/index.php\/wp-json\/wp\/v2\/product_cat?post=11686"},{"taxonomy":"product_tag","embeddable":true,"href":"https:\/\/celsonido123.com\/index.php\/wp-json\/wp\/v2\/product_tag?post=11686"}],"curies":[{"name":"wp","href":"https:\/\/api.w.org\/{rel}","templated":true}]}}