{"id":11712,"date":"2025-05-22T14:53:59","date_gmt":"2025-05-22T14:53:59","guid":{"rendered":"https:\/\/celsonido123.com\/?post_type=product&#038;p=11712"},"modified":"2025-05-22T14:53:59","modified_gmt":"2025-05-22T14:53:59","slug":"extractor-black-and-decker","status":"publish","type":"product","link":"https:\/\/celsonido123.com\/index.php\/product\/extractor-black-and-decker\/","title":{"rendered":"Extractor Black And Decker"},"content":{"rendered":"<p>\u2022 Tecnolog\u00eda menos ruido<\/p>\n<div>\n<p>\u2022 Montaje f\u00e1cil de girar: Ahora armarlo es m\u00e1s f\u00e1cil y r\u00e1pido<\/p>\n<p>\u2022 Elegante dise\u00f1o vertical que ahorra espacio<\/p>\n<p>\u2022 Potente motor de 400W<\/p>\n<p>\u2022 Cuchillas y colador de acero inoxidable<\/p>\n<p>\u2022 Cortador duradero y f\u00e1cil de limpiar y reutilizar<\/p>\n<p>\u2022 Colector de pulpa de capacidad 28 onzas (796ml)<\/p>\n<p>\u2022 Pies antideslizantes<\/p>\n<p>\u2022 Almacenamiento de cable<\/p>\n<p>\u2022 Accesorios aptos para lavavajillas<\/p>\n<\/div>\n<p>&nbsp;<\/p>\n<p>\u00a1El extractor de jugo ahora se ha mejorado con la tecnolog\u00eda QUIET y Easy Twist Assembly! El Extractor de Jugo de 400 Watts de Black+Decker hace f\u00e1cil convertir todas sus frutas y vegetales favoritos en un delicioso jugo sin pulpa. EL potente motor de 400 Watts Funci\u00f3na r\u00e1pidamente a trav\u00e9s de las verduras y frutas, separando la pulpa de frutas frescas, la cual es colectada en un recipiente separado. Con controles intuitivos y piezas aptas para lavavajillas, es la forma m\u00e1s r\u00e1pida y f\u00e1cil de disfrutar jugo \u00a1fresco y sabroso!<\/p>\n","protected":false},"excerpt":{"rendered":"<p>\u2022 Tecnolog\u00eda menos ruido \u2022 Montaje f\u00e1cil de girar: Ahora armarlo es m\u00e1s f\u00e1cil y r\u00e1pido \u2022 Elegante dise\u00f1o vertical<\/p>\n","protected":false},"featured_media":11713,"comment_status":"open","ping_status":"closed","template":"","meta":[],"product_cat":[167],"product_tag":[],"_links":{"self":[{"href":"https:\/\/celsonido123.com\/index.php\/wp-json\/wp\/v2\/product\/11712"}],"collection":[{"href":"https:\/\/celsonido123.com\/index.php\/wp-json\/wp\/v2\/product"}],"about":[{"href":"https:\/\/celsonido123.com\/index.php\/wp-json\/wp\/v2\/types\/product"}],"replies":[{"embeddable":true,"href":"https:\/\/celsonido123.com\/index.php\/wp-json\/wp\/v2\/comments?post=11712"}],"version-history":[{"count":1,"href":"https:\/\/celsonido123.com\/index.php\/wp-json\/wp\/v2\/product\/11712\/revisions"}],"predecessor-version":[{"id":11714,"href":"https:\/\/celsonido123.com\/index.php\/wp-json\/wp\/v2\/product\/11712\/revisions\/11714"}],"wp:featuredmedia":[{"embeddable":true,"href":"https:\/\/celsonido123.com\/index.php\/wp-json\/wp\/v2\/media\/11713"}],"wp:attachment":[{"href":"https:\/\/celsonido123.com\/index.php\/wp-json\/wp\/v2\/media?parent=11712"}],"wp:term":[{"taxonomy":"product_cat","embeddable":true,"href":"https:\/\/celsonido123.com\/index.php\/wp-json\/wp\/v2\/product_cat?post=11712"},{"taxonomy":"product_tag","embeddable":true,"href":"https:\/\/celsonido123.com\/index.php\/wp-json\/wp\/v2\/product_tag?post=11712"}],"curies":[{"name":"wp","href":"https:\/\/api.w.org\/{rel}","templated":true}]}}