{"id":11715,"date":"2025-05-22T15:21:57","date_gmt":"2025-05-22T15:21:57","guid":{"rendered":"https:\/\/celsonido123.com\/?post_type=product&#038;p=11715"},"modified":"2025-05-22T15:21:57","modified_gmt":"2025-05-22T15:21:57","slug":"olla-arrocera-universal-elite","status":"publish","type":"product","link":"https:\/\/celsonido123.com\/index.php\/product\/olla-arrocera-universal-elite\/","title":{"rendered":"Olla Arrocera Universal Elite"},"content":{"rendered":"<p>Con este producto, \u00a1tus recetas tendr\u00e1n un sabor m\u00e1s delicioso!<\/p>\n<p>Nuestra\u00a0<strong>olla arrocera Multicook de 12 tz<\/strong>\u00a0te ofrece distintas opciones innovadoras que optimizar\u00e1n tu tiempo en la cocina. Entre ellas, podemos destacar m\u00faltiples funciones de cocci\u00f3n, ya sea para ingredientes de larga preparaci\u00f3n, o para aquellos que requieren fre\u00edr o vaporizar, d\u00e1ndote la suficiente versatilidad para experimentar nuevas recetas.<\/p>\n<p>Con su tapa de vidrio templado, podr\u00e1s supervisar tus platos en todo momento, adem\u00e1s de conservar el aroma y el sabor. Del mismo modo, incluye asas termoresistentes que garantizan un manejo seguro y c\u00f3modo para tus manos, evitando cualquier riesgo de quemaduras.<\/p>\n<p><strong>Caracter\u00edsticas<\/strong><\/p>\n<ul>\n<li>M\u00faltiples opciones de cocci\u00f3n<\/li>\n<li>Tapa de vidrio templado<\/li>\n<li>Asas termoresistentes<\/li>\n<li>Cable extra\u00edble<\/li>\n<li>Capacidad: 2.2 litros<\/li>\n<li>Potencia: 900 Watts<\/li>\n<li>Frecuencia: 60 Hz<\/li>\n<li>Voltaje: 120 Vac<\/li>\n<\/ul>\n","protected":false},"excerpt":{"rendered":"<p>Con este producto, \u00a1tus recetas tendr\u00e1n un sabor m\u00e1s delicioso! Nuestra\u00a0olla arrocera Multicook de 12 tz\u00a0te ofrece distintas opciones innovadoras<\/p>\n","protected":false},"featured_media":11716,"comment_status":"open","ping_status":"closed","template":"","meta":[],"product_cat":[167],"product_tag":[],"_links":{"self":[{"href":"https:\/\/celsonido123.com\/index.php\/wp-json\/wp\/v2\/product\/11715"}],"collection":[{"href":"https:\/\/celsonido123.com\/index.php\/wp-json\/wp\/v2\/product"}],"about":[{"href":"https:\/\/celsonido123.com\/index.php\/wp-json\/wp\/v2\/types\/product"}],"replies":[{"embeddable":true,"href":"https:\/\/celsonido123.com\/index.php\/wp-json\/wp\/v2\/comments?post=11715"}],"version-history":[{"count":1,"href":"https:\/\/celsonido123.com\/index.php\/wp-json\/wp\/v2\/product\/11715\/revisions"}],"predecessor-version":[{"id":11717,"href":"https:\/\/celsonido123.com\/index.php\/wp-json\/wp\/v2\/product\/11715\/revisions\/11717"}],"wp:featuredmedia":[{"embeddable":true,"href":"https:\/\/celsonido123.com\/index.php\/wp-json\/wp\/v2\/media\/11716"}],"wp:attachment":[{"href":"https:\/\/celsonido123.com\/index.php\/wp-json\/wp\/v2\/media?parent=11715"}],"wp:term":[{"taxonomy":"product_cat","embeddable":true,"href":"https:\/\/celsonido123.com\/index.php\/wp-json\/wp\/v2\/product_cat?post=11715"},{"taxonomy":"product_tag","embeddable":true,"href":"https:\/\/celsonido123.com\/index.php\/wp-json\/wp\/v2\/product_tag?post=11715"}],"curies":[{"name":"wp","href":"https:\/\/api.w.org\/{rel}","templated":true}]}}