{"id":11721,"date":"2025-05-22T15:27:20","date_gmt":"2025-05-22T15:27:20","guid":{"rendered":"https:\/\/celsonido123.com\/?post_type=product&#038;p=11721"},"modified":"2025-05-22T15:27:20","modified_gmt":"2025-05-22T15:27:20","slug":"maquina-wahl-senior","status":"publish","type":"product","link":"https:\/\/celsonido123.com\/index.php\/product\/maquina-wahl-senior\/","title":{"rendered":"Maquina Wahl Senior"},"content":{"rendered":"<div class=\"descricao-produto-titles\"><\/div>\n<div class=\"descricao-produto-texto\">\n<div class=\"productDescription\">\n<div class=\"tab-descricao tab-principal\">\n<p>Potente cortadora con cable de alto rendimiento, ideal para el uso continuo. Motor vibratorio profesional V5000 para duraci\u00f3n,potencia y vida \u00fatil. El cabezal de cuchilla fina de precisi\u00f3n cromado se ajusta para alcanzar un nivel &#8221;0&#8221;. ideal para cortes de cabello al ras.<\/p>\n<\/div>\n<\/div>\n<\/div>\n","protected":false},"excerpt":{"rendered":"<p>Potente cortadora con cable de alto rendimiento, ideal para el uso continuo. Motor vibratorio profesional V5000 para duraci\u00f3n,potencia y vida<\/p>\n","protected":false},"featured_media":11722,"comment_status":"open","ping_status":"closed","template":"","meta":[],"product_cat":[165],"product_tag":[],"_links":{"self":[{"href":"https:\/\/celsonido123.com\/index.php\/wp-json\/wp\/v2\/product\/11721"}],"collection":[{"href":"https:\/\/celsonido123.com\/index.php\/wp-json\/wp\/v2\/product"}],"about":[{"href":"https:\/\/celsonido123.com\/index.php\/wp-json\/wp\/v2\/types\/product"}],"replies":[{"embeddable":true,"href":"https:\/\/celsonido123.com\/index.php\/wp-json\/wp\/v2\/comments?post=11721"}],"version-history":[{"count":1,"href":"https:\/\/celsonido123.com\/index.php\/wp-json\/wp\/v2\/product\/11721\/revisions"}],"predecessor-version":[{"id":11723,"href":"https:\/\/celsonido123.com\/index.php\/wp-json\/wp\/v2\/product\/11721\/revisions\/11723"}],"wp:featuredmedia":[{"embeddable":true,"href":"https:\/\/celsonido123.com\/index.php\/wp-json\/wp\/v2\/media\/11722"}],"wp:attachment":[{"href":"https:\/\/celsonido123.com\/index.php\/wp-json\/wp\/v2\/media?parent=11721"}],"wp:term":[{"taxonomy":"product_cat","embeddable":true,"href":"https:\/\/celsonido123.com\/index.php\/wp-json\/wp\/v2\/product_cat?post=11721"},{"taxonomy":"product_tag","embeddable":true,"href":"https:\/\/celsonido123.com\/index.php\/wp-json\/wp\/v2\/product_tag?post=11721"}],"curies":[{"name":"wp","href":"https:\/\/api.w.org\/{rel}","templated":true}]}}