{"id":11727,"date":"2025-05-22T15:31:47","date_gmt":"2025-05-22T15:31:47","guid":{"rendered":"https:\/\/celsonido123.com\/?post_type=product&#038;p=11727"},"modified":"2025-05-22T15:31:47","modified_gmt":"2025-05-22T15:31:47","slug":"ventilador-torre-kalley","status":"publish","type":"product","link":"https:\/\/celsonido123.com\/index.php\/product\/ventilador-torre-kalley\/","title":{"rendered":"Ventilador Torre Kalley"},"content":{"rendered":"<div class=\"new-container__about__container\">\n<div class=\"new-container__titles\">\n<h2 class=\"js-subtitle-pdp\">Caracter\u00edsticas importantes<\/h2>\n<\/div>\n<ul class=\"tab-details__keyFeatures--list\">\n<li class=\"tab-details__keyFeatures--item\">3 Velocidades\/3 modos<\/li>\n<li class=\"tab-details__keyFeatures--item\">Temporizador m\u00e1ximo 7 horas<\/li>\n<li class=\"tab-details__keyFeatures--item\">Giro de 60\u00b0<\/li>\n<li class=\"tab-details__keyFeatures--item\">Modo nocturno<\/li>\n<\/ul>\n<\/div>\n<div class=\"new-container__about__container\">\n<div class=\"new-container__titles\">\n<h2 class=\"js-subtitle-pdp new-container__titles\"><span style=\"color: #333333; font-size: 16px;\">Ventilador de torre digital, con 3 velocidades y 3 modos para que lo ajustes a tus necesidades. Puedes programarlo para que se apague autom\u00e1ticamente en la noche (m\u00e1ximo 7 horas de programaci\u00f3n) y la pantalla LED se apaga en la noche para no interferir con tu descanso. Gira hasta 60\u00b0 permitiendo una mejor cobertura de la habitaci\u00f3n. Incluye control remoto pensando en tu comodidad.<\/span><\/h2>\n<\/div>\n<\/div>\n","protected":false},"excerpt":{"rendered":"<p>Caracter\u00edsticas importantes 3 Velocidades\/3 modos Temporizador m\u00e1ximo 7 horas Giro de 60\u00b0 Modo nocturno Ventilador de torre digital, con 3<\/p>\n","protected":false},"featured_media":11728,"comment_status":"open","ping_status":"closed","template":"","meta":[],"product_cat":[167],"product_tag":[],"_links":{"self":[{"href":"https:\/\/celsonido123.com\/index.php\/wp-json\/wp\/v2\/product\/11727"}],"collection":[{"href":"https:\/\/celsonido123.com\/index.php\/wp-json\/wp\/v2\/product"}],"about":[{"href":"https:\/\/celsonido123.com\/index.php\/wp-json\/wp\/v2\/types\/product"}],"replies":[{"embeddable":true,"href":"https:\/\/celsonido123.com\/index.php\/wp-json\/wp\/v2\/comments?post=11727"}],"version-history":[{"count":1,"href":"https:\/\/celsonido123.com\/index.php\/wp-json\/wp\/v2\/product\/11727\/revisions"}],"predecessor-version":[{"id":11729,"href":"https:\/\/celsonido123.com\/index.php\/wp-json\/wp\/v2\/product\/11727\/revisions\/11729"}],"wp:featuredmedia":[{"embeddable":true,"href":"https:\/\/celsonido123.com\/index.php\/wp-json\/wp\/v2\/media\/11728"}],"wp:attachment":[{"href":"https:\/\/celsonido123.com\/index.php\/wp-json\/wp\/v2\/media?parent=11727"}],"wp:term":[{"taxonomy":"product_cat","embeddable":true,"href":"https:\/\/celsonido123.com\/index.php\/wp-json\/wp\/v2\/product_cat?post=11727"},{"taxonomy":"product_tag","embeddable":true,"href":"https:\/\/celsonido123.com\/index.php\/wp-json\/wp\/v2\/product_tag?post=11727"}],"curies":[{"name":"wp","href":"https:\/\/api.w.org\/{rel}","templated":true}]}}