{"id":11733,"date":"2025-05-22T15:42:12","date_gmt":"2025-05-22T15:42:12","guid":{"rendered":"https:\/\/celsonido123.com\/?post_type=product&#038;p=11733"},"modified":"2025-05-22T15:42:12","modified_gmt":"2025-05-22T15:42:12","slug":"ventilador-torre-sankey","status":"publish","type":"product","link":"https:\/\/celsonido123.com\/index.php\/product\/ventilador-torre-sankey\/","title":{"rendered":"Ventilador Torre Sankey"},"content":{"rendered":"<p>Es un incre\u00edble\u00a0ventilador de torre\u00a0el cual cuenta con\u00a0control remoto\u00a0que permite un f\u00e1cil encendido y apagado\u00a0 y regular las tres velocidades con las que cuenta, cuentan con una altura perfecta e ideal para espacios como, sala, habitaci\u00f3n y estudios, cuenta con 42 pulgadas de di\u00e1metro y rejilla protectora, cuenta con un tipo de rotaci\u00f3n horizontal y la base con la que cuenta es circular que permite colocarla en muchos espacios. El ventilador cuenta con una potencia de 50W, que permite una perfecta ambientaci\u00f3n y ventilaci\u00f3n, gracias a su potencia.<\/p>\n<div>\n<ul>\n<li>Ventilador de torre de 42 pulgadas<\/li>\n<\/ul>\n<ul>\n<li>3 Niveles de velocidad<\/li>\n<\/ul>\n<ul>\n<li>Rejilla Protectora<\/li>\n<\/ul>\n<ul>\n<li>Rotaci\u00f3n horizontal<\/li>\n<\/ul>\n<ul>\n<li>Base circular<\/li>\n<\/ul>\n<\/div>\n","protected":false},"excerpt":{"rendered":"<p>Es un incre\u00edble\u00a0ventilador de torre\u00a0el cual cuenta con\u00a0control remoto\u00a0que permite un f\u00e1cil encendido y apagado\u00a0 y regular las tres velocidades<\/p>\n","protected":false},"featured_media":11734,"comment_status":"open","ping_status":"closed","template":"","meta":[],"product_cat":[167],"product_tag":[],"_links":{"self":[{"href":"https:\/\/celsonido123.com\/index.php\/wp-json\/wp\/v2\/product\/11733"}],"collection":[{"href":"https:\/\/celsonido123.com\/index.php\/wp-json\/wp\/v2\/product"}],"about":[{"href":"https:\/\/celsonido123.com\/index.php\/wp-json\/wp\/v2\/types\/product"}],"replies":[{"embeddable":true,"href":"https:\/\/celsonido123.com\/index.php\/wp-json\/wp\/v2\/comments?post=11733"}],"version-history":[{"count":1,"href":"https:\/\/celsonido123.com\/index.php\/wp-json\/wp\/v2\/product\/11733\/revisions"}],"predecessor-version":[{"id":11735,"href":"https:\/\/celsonido123.com\/index.php\/wp-json\/wp\/v2\/product\/11733\/revisions\/11735"}],"wp:featuredmedia":[{"embeddable":true,"href":"https:\/\/celsonido123.com\/index.php\/wp-json\/wp\/v2\/media\/11734"}],"wp:attachment":[{"href":"https:\/\/celsonido123.com\/index.php\/wp-json\/wp\/v2\/media?parent=11733"}],"wp:term":[{"taxonomy":"product_cat","embeddable":true,"href":"https:\/\/celsonido123.com\/index.php\/wp-json\/wp\/v2\/product_cat?post=11733"},{"taxonomy":"product_tag","embeddable":true,"href":"https:\/\/celsonido123.com\/index.php\/wp-json\/wp\/v2\/product_tag?post=11733"}],"curies":[{"name":"wp","href":"https:\/\/api.w.org\/{rel}","templated":true}]}}