{"id":11743,"date":"2025-05-22T16:09:30","date_gmt":"2025-05-22T16:09:30","guid":{"rendered":"https:\/\/celsonido123.com\/?post_type=product&#038;p=11743"},"modified":"2025-05-22T16:09:30","modified_gmt":"2025-05-22T16:09:30","slug":"ventilador-de-mesa-universal","status":"publish","type":"product","link":"https:\/\/celsonido123.com\/index.php\/product\/ventilador-de-mesa-universal\/","title":{"rendered":"Ventilador de Mesa Universal"},"content":{"rendered":"<div class=\"jsx-1675311072 attribute \">\n<div class=\"jsx-1675311072 element key \">Marca<\/div>\n<div class=\"jsx-1675311072 element value\">Universal<\/div>\n<\/div>\n<div class=\"jsx-1675311072 attribute \">\n<div class=\"jsx-1675311072 element key \">Modelo<\/div>\n<div class=\"jsx-1675311072 element value\">L71300<\/div>\n<\/div>\n<div class=\"jsx-1675311072 attribute \">\n<div class=\"jsx-1675311072 element key \">Tipo<\/div>\n<div class=\"jsx-1675311072 element value\">De sobremesa<\/div>\n<\/div>\n<div class=\"jsx-1675311072 attribute \">\n<div class=\"jsx-1675311072 element key \">Di\u00e1metro<\/div>\n<div class=\"jsx-1675311072 element value\">8 Pulgadas<\/div>\n<\/div>\n<div class=\"jsx-1675311072 attribute \">\n<div class=\"jsx-1675311072 element key \">Color<\/div>\n<div class=\"jsx-1675311072 element value\">Negro<\/div>\n<\/div>\n<div class=\"jsx-1675311072 attribute \">\n<div class=\"jsx-1675311072 element key \">Material<\/div>\n<div class=\"jsx-1675311072 element value\">Pl\u00e1stico<\/div>\n<\/div>\n<div class=\"jsx-1675311072 attribute \">\n<div class=\"jsx-1675311072 element key \">Uso<\/div>\n<div class=\"jsx-1675311072 element value\">Dom\u00e9stico<\/div>\n<\/div>\n<div class=\"jsx-1675311072 attribute \">\n<div class=\"jsx-1675311072 element key \">Consumo<\/div>\n<div class=\"jsx-1675311072 element value\">70W<\/div>\n<\/div>\n<div class=\"jsx-1675311072 attribute \">\n<div class=\"jsx-1675311072 element key \">Control Remoto<\/div>\n<div class=\"jsx-1675311072 element value\">No<\/div>\n<\/div>\n<div class=\"jsx-1675311072 attribute \">\n<div class=\"jsx-1675311072 element key \">Giro<\/div>\n<div class=\"jsx-1675311072 element value\">Giro en un solo sentido<\/div>\n<\/div>\n<div class=\"jsx-1675311072 attribute \">\n<div class=\"jsx-1675311072 element key \">N\u00famero de Velocidades<\/div>\n<div class=\"jsx-1675311072 element value\">3<\/div>\n<\/div>\n<div class=\"jsx-1675311072 attribute \">\n<div class=\"jsx-1675311072 element key \">Oscilaci\u00f3n<\/div>\n<div class=\"jsx-1675311072 element value\">S\u00ed<\/div>\n<\/div>\n","protected":false},"excerpt":{"rendered":"<p>Marca Universal Modelo L71300 Tipo De sobremesa Di\u00e1metro 8 Pulgadas Color Negro Material Pl\u00e1stico Uso Dom\u00e9stico Consumo 70W Control Remoto<\/p>\n","protected":false},"featured_media":11744,"comment_status":"open","ping_status":"closed","template":"","meta":[],"product_cat":[167],"product_tag":[],"_links":{"self":[{"href":"https:\/\/celsonido123.com\/index.php\/wp-json\/wp\/v2\/product\/11743"}],"collection":[{"href":"https:\/\/celsonido123.com\/index.php\/wp-json\/wp\/v2\/product"}],"about":[{"href":"https:\/\/celsonido123.com\/index.php\/wp-json\/wp\/v2\/types\/product"}],"replies":[{"embeddable":true,"href":"https:\/\/celsonido123.com\/index.php\/wp-json\/wp\/v2\/comments?post=11743"}],"version-history":[{"count":1,"href":"https:\/\/celsonido123.com\/index.php\/wp-json\/wp\/v2\/product\/11743\/revisions"}],"predecessor-version":[{"id":11745,"href":"https:\/\/celsonido123.com\/index.php\/wp-json\/wp\/v2\/product\/11743\/revisions\/11745"}],"wp:featuredmedia":[{"embeddable":true,"href":"https:\/\/celsonido123.com\/index.php\/wp-json\/wp\/v2\/media\/11744"}],"wp:attachment":[{"href":"https:\/\/celsonido123.com\/index.php\/wp-json\/wp\/v2\/media?parent=11743"}],"wp:term":[{"taxonomy":"product_cat","embeddable":true,"href":"https:\/\/celsonido123.com\/index.php\/wp-json\/wp\/v2\/product_cat?post=11743"},{"taxonomy":"product_tag","embeddable":true,"href":"https:\/\/celsonido123.com\/index.php\/wp-json\/wp\/v2\/product_tag?post=11743"}],"curies":[{"name":"wp","href":"https:\/\/api.w.org\/{rel}","templated":true}]}}