{"id":11746,"date":"2025-05-22T16:13:31","date_gmt":"2025-05-22T16:13:31","guid":{"rendered":"https:\/\/celsonido123.com\/?post_type=product&#038;p=11746"},"modified":"2025-05-22T16:13:31","modified_gmt":"2025-05-22T16:13:31","slug":"maquina-vgr-134","status":"publish","type":"product","link":"https:\/\/celsonido123.com\/index.php\/product\/maquina-vgr-134\/","title":{"rendered":"Maquina Vgr-134"},"content":{"rendered":"<div class=\"jsx-4193564760 specification specification-2-column\">\n<section class=\"jsx-2247763159 container\">\n<div class=\"jsx-2247763159 bodyContainer\">Informaci\u00f3n adicional<\/div>\n<\/section>\n<\/div>\n<div class=\"jsx-4193564760 description description-2-column\">\n<section class=\"jsx-2247763159 container\">\n<div class=\"jsx-2247763159 bodyContainer\">\n<div class=\"fb-product-information__product-information-tab\">\n<div class=\"fb-product-information-tab__copy\">\n<div>Dise\u00f1ada para quienes buscan resultados profesionales desde casa, esta m\u00e1quina combina potencia y elegancia. Su motor de alto rendimiento y cuchillas de acero inoxidable garantizan cortes precisos y suaves, ideales para todo tipo de cabello.<\/div>\n<div><\/div>\n<div>Caracter\u00edsticas<\/div>\n<div><\/div>\n<div>\u2022\u00a0Hoja afilada.<\/div>\n<div><\/div>\n<div>\u2022\u00a0Gran comodidad.<\/div>\n<div><\/div>\n<div>\u2022\u00a0Palanca de papel ajustable.<\/div>\n<div><\/div>\n<div>\u2022\u00a0Trabajo de larga duraci\u00f3n.<\/div>\n<div><\/div>\n<div>\u2022\u00a0Carga USB.<\/div>\n<div><\/div>\n<div>\u2022 Pantalla LED.<\/div>\n<div><\/div>\n<\/div>\n<\/div>\n<\/div>\n<\/section>\n<\/div>\n","protected":false},"excerpt":{"rendered":"<p>Informaci\u00f3n adicional Dise\u00f1ada para quienes buscan resultados profesionales desde casa, esta m\u00e1quina combina potencia y elegancia. Su motor de alto<\/p>\n","protected":false},"featured_media":11747,"comment_status":"open","ping_status":"closed","template":"","meta":[],"product_cat":[165],"product_tag":[],"_links":{"self":[{"href":"https:\/\/celsonido123.com\/index.php\/wp-json\/wp\/v2\/product\/11746"}],"collection":[{"href":"https:\/\/celsonido123.com\/index.php\/wp-json\/wp\/v2\/product"}],"about":[{"href":"https:\/\/celsonido123.com\/index.php\/wp-json\/wp\/v2\/types\/product"}],"replies":[{"embeddable":true,"href":"https:\/\/celsonido123.com\/index.php\/wp-json\/wp\/v2\/comments?post=11746"}],"version-history":[{"count":1,"href":"https:\/\/celsonido123.com\/index.php\/wp-json\/wp\/v2\/product\/11746\/revisions"}],"predecessor-version":[{"id":11749,"href":"https:\/\/celsonido123.com\/index.php\/wp-json\/wp\/v2\/product\/11746\/revisions\/11749"}],"wp:featuredmedia":[{"embeddable":true,"href":"https:\/\/celsonido123.com\/index.php\/wp-json\/wp\/v2\/media\/11747"}],"wp:attachment":[{"href":"https:\/\/celsonido123.com\/index.php\/wp-json\/wp\/v2\/media?parent=11746"}],"wp:term":[{"taxonomy":"product_cat","embeddable":true,"href":"https:\/\/celsonido123.com\/index.php\/wp-json\/wp\/v2\/product_cat?post=11746"},{"taxonomy":"product_tag","embeddable":true,"href":"https:\/\/celsonido123.com\/index.php\/wp-json\/wp\/v2\/product_tag?post=11746"}],"curies":[{"name":"wp","href":"https:\/\/api.w.org\/{rel}","templated":true}]}}