{"id":11750,"date":"2025-05-22T16:29:41","date_gmt":"2025-05-22T16:29:41","guid":{"rendered":"https:\/\/celsonido123.com\/?post_type=product&#038;p=11750"},"modified":"2025-05-22T16:29:41","modified_gmt":"2025-05-22T16:29:41","slug":"microhondas-haceb","status":"publish","type":"product","link":"https:\/\/celsonido123.com\/index.php\/product\/microhondas-haceb\/","title":{"rendered":"Microhondas Haceb"},"content":{"rendered":"<p>Microondas en acero inoxidable de 20 litros con manija externa que complementa su dise\u00f1o. Con su funci\u00f3n multietapa puede programar en un solo instante descongelar y cocinar tus alimentos por un tiempo determinado. Adem\u00e1s sus funciones predeterminadas agilizan la preparaci\u00f3n de tus recetas favoritas.<\/p>\n","protected":false},"excerpt":{"rendered":"<p>Microondas en acero inoxidable de 20 litros con manija externa que complementa su dise\u00f1o. Con su funci\u00f3n multietapa puede programar<\/p>\n","protected":false},"featured_media":11751,"comment_status":"open","ping_status":"closed","template":"","meta":[],"product_cat":[167],"product_tag":[],"_links":{"self":[{"href":"https:\/\/celsonido123.com\/index.php\/wp-json\/wp\/v2\/product\/11750"}],"collection":[{"href":"https:\/\/celsonido123.com\/index.php\/wp-json\/wp\/v2\/product"}],"about":[{"href":"https:\/\/celsonido123.com\/index.php\/wp-json\/wp\/v2\/types\/product"}],"replies":[{"embeddable":true,"href":"https:\/\/celsonido123.com\/index.php\/wp-json\/wp\/v2\/comments?post=11750"}],"version-history":[{"count":1,"href":"https:\/\/celsonido123.com\/index.php\/wp-json\/wp\/v2\/product\/11750\/revisions"}],"predecessor-version":[{"id":11752,"href":"https:\/\/celsonido123.com\/index.php\/wp-json\/wp\/v2\/product\/11750\/revisions\/11752"}],"wp:featuredmedia":[{"embeddable":true,"href":"https:\/\/celsonido123.com\/index.php\/wp-json\/wp\/v2\/media\/11751"}],"wp:attachment":[{"href":"https:\/\/celsonido123.com\/index.php\/wp-json\/wp\/v2\/media?parent=11750"}],"wp:term":[{"taxonomy":"product_cat","embeddable":true,"href":"https:\/\/celsonido123.com\/index.php\/wp-json\/wp\/v2\/product_cat?post=11750"},{"taxonomy":"product_tag","embeddable":true,"href":"https:\/\/celsonido123.com\/index.php\/wp-json\/wp\/v2\/product_tag?post=11750"}],"curies":[{"name":"wp","href":"https:\/\/api.w.org\/{rel}","templated":true}]}}