{"id":11756,"date":"2025-05-22T16:37:01","date_gmt":"2025-05-22T16:37:01","guid":{"rendered":"https:\/\/celsonido123.com\/?post_type=product&#038;p=11756"},"modified":"2025-05-22T16:37:01","modified_gmt":"2025-05-22T16:37:01","slug":"nokia-105-4g","status":"publish","type":"product","link":"https:\/\/celsonido123.com\/index.php\/product\/nokia-105-4g\/","title":{"rendered":"Nokia 105 4G"},"content":{"rendered":"<p>Con el Nokia 105 4G, mantenerse en contacto con los familiares y los amigos nunca ha sido tan f\u00e1cil ni tan gratificante. Gracias a las capacidades 4G VoLTE, las llamadas son tan n\u00edtidas y claras que aquellos cerca de ti se sentir\u00e1n a\u00fan m\u00e1s cerca. Adem\u00e1s, cuando no est\u00e9s en una llamada, jugar y escuchar la radio FM te mantendr\u00e1 sonriendo durante tu tiempo de descanso, especialmente porque los men\u00fas ampliados y la funci\u00f3n de lectura de texto a voz facilitan al m\u00e1ximo la navegaci\u00f3n por el tel\u00e9fono.<\/p>\n","protected":false},"excerpt":{"rendered":"<p>Con el Nokia 105 4G, mantenerse en contacto con los familiares y los amigos nunca ha sido tan f\u00e1cil ni<\/p>\n","protected":false},"featured_media":11757,"comment_status":"open","ping_status":"closed","template":"","meta":[],"product_cat":[163],"product_tag":[],"_links":{"self":[{"href":"https:\/\/celsonido123.com\/index.php\/wp-json\/wp\/v2\/product\/11756"}],"collection":[{"href":"https:\/\/celsonido123.com\/index.php\/wp-json\/wp\/v2\/product"}],"about":[{"href":"https:\/\/celsonido123.com\/index.php\/wp-json\/wp\/v2\/types\/product"}],"replies":[{"embeddable":true,"href":"https:\/\/celsonido123.com\/index.php\/wp-json\/wp\/v2\/comments?post=11756"}],"version-history":[{"count":1,"href":"https:\/\/celsonido123.com\/index.php\/wp-json\/wp\/v2\/product\/11756\/revisions"}],"predecessor-version":[{"id":11758,"href":"https:\/\/celsonido123.com\/index.php\/wp-json\/wp\/v2\/product\/11756\/revisions\/11758"}],"wp:featuredmedia":[{"embeddable":true,"href":"https:\/\/celsonido123.com\/index.php\/wp-json\/wp\/v2\/media\/11757"}],"wp:attachment":[{"href":"https:\/\/celsonido123.com\/index.php\/wp-json\/wp\/v2\/media?parent=11756"}],"wp:term":[{"taxonomy":"product_cat","embeddable":true,"href":"https:\/\/celsonido123.com\/index.php\/wp-json\/wp\/v2\/product_cat?post=11756"},{"taxonomy":"product_tag","embeddable":true,"href":"https:\/\/celsonido123.com\/index.php\/wp-json\/wp\/v2\/product_tag?post=11756"}],"curies":[{"name":"wp","href":"https:\/\/api.w.org\/{rel}","templated":true}]}}