{"id":11789,"date":"2025-05-22T18:39:20","date_gmt":"2025-05-22T18:39:20","guid":{"rendered":"https:\/\/celsonido123.com\/?post_type=product&#038;p=11789"},"modified":"2025-05-22T18:39:20","modified_gmt":"2025-05-22T18:39:20","slug":"jbl-flip-7","status":"publish","type":"product","link":"https:\/\/celsonido123.com\/index.php\/product\/jbl-flip-7\/","title":{"rendered":"Jbl Flip 7"},"content":{"rendered":"<p>Hemos reforzado los graves y afinado nuestros agudos. \u00bfEl resultado? Graves potentes y m\u00e1s claros, incluso a m\u00e1ximo volumen, y agudos m\u00e1s n\u00edtidos gracias a un nuevo e inteligente dise\u00f1o de la c\u00fapula del altavoz de agudos, que a\u00f1ade m\u00e1s profundidad al sonido de tu altavoz. Tambi\u00e9n hemos incorporado AI Sound Boost, nuestra nueva tecnolog\u00eda patentada, que analiza la m\u00fasica en tiempo real para ofrecer el m\u00e1ximo rendimiento ac\u00fastico con menos distorsi\u00f3n.<\/p>\n<p>&nbsp;<\/p>\n<dl class=\"ds-specs\">\n<dt>Transductores<\/dt>\n<dd>altavoz de graves de 45 x 80\u00a0mm, altavoz de agudos de 16\u00a0mm<\/dd>\n<dt>Potencia de salida<\/dt>\n<dd>altavoz de graves 25\u00a0W, altavoz de agudos 10\u00a0W RMS<\/dd>\n<dt>Respuesta de frecuencia<\/dt>\n<dd>60\u00a0Hz &#8211; 20\u00a0kHz<\/dd>\n<dt>Relaci\u00f3n se\u00f1al\/ruido<\/dt>\n<dd>&gt;80\u00a0dB<\/dd>\n<dt>Tipo de bater\u00eda<\/dt>\n<dd>Pol\u00edmero de iones de litio de 17,28\u00a0Wh (equivalente a 3,6\u00a0V\/4800\u00a0mAh)<\/dd>\n<dt>Tiempo de carga de la bater\u00eda<\/dt>\n<dd>2,5\u00a0horas a 5\u00a0V\/3\u00a0A<\/dd>\n<dt>Tiempo de reproducci\u00f3n de m\u00fasica<\/dt>\n<dd>Hasta 14\u00a0horas, m\u00e1s 2 horas con Playtime Boost (dependiendo del volumen y del contenido del audio)<\/dd>\n<dt>Temperatura m\u00e1xima de funcionamiento<\/dt>\n<dd>45\u00a0\u00b0C<\/dd>\n<\/dl>\n<p>&nbsp;<\/p>\n","protected":false},"excerpt":{"rendered":"<p>Hemos reforzado los graves y afinado nuestros agudos. \u00bfEl resultado? Graves potentes y m\u00e1s claros, incluso a m\u00e1ximo volumen, y<\/p>\n","protected":false},"featured_media":11790,"comment_status":"open","ping_status":"closed","template":"","meta":[],"product_cat":[154],"product_tag":[],"_links":{"self":[{"href":"https:\/\/celsonido123.com\/index.php\/wp-json\/wp\/v2\/product\/11789"}],"collection":[{"href":"https:\/\/celsonido123.com\/index.php\/wp-json\/wp\/v2\/product"}],"about":[{"href":"https:\/\/celsonido123.com\/index.php\/wp-json\/wp\/v2\/types\/product"}],"replies":[{"embeddable":true,"href":"https:\/\/celsonido123.com\/index.php\/wp-json\/wp\/v2\/comments?post=11789"}],"version-history":[{"count":1,"href":"https:\/\/celsonido123.com\/index.php\/wp-json\/wp\/v2\/product\/11789\/revisions"}],"predecessor-version":[{"id":11792,"href":"https:\/\/celsonido123.com\/index.php\/wp-json\/wp\/v2\/product\/11789\/revisions\/11792"}],"wp:featuredmedia":[{"embeddable":true,"href":"https:\/\/celsonido123.com\/index.php\/wp-json\/wp\/v2\/media\/11790"}],"wp:attachment":[{"href":"https:\/\/celsonido123.com\/index.php\/wp-json\/wp\/v2\/media?parent=11789"}],"wp:term":[{"taxonomy":"product_cat","embeddable":true,"href":"https:\/\/celsonido123.com\/index.php\/wp-json\/wp\/v2\/product_cat?post=11789"},{"taxonomy":"product_tag","embeddable":true,"href":"https:\/\/celsonido123.com\/index.php\/wp-json\/wp\/v2\/product_tag?post=11789"}],"curies":[{"name":"wp","href":"https:\/\/api.w.org\/{rel}","templated":true}]}}