{"id":11799,"date":"2025-05-22T19:39:07","date_gmt":"2025-05-22T19:39:07","guid":{"rendered":"https:\/\/celsonido123.com\/?post_type=product&#038;p=11799"},"modified":"2025-05-22T19:39:07","modified_gmt":"2025-05-22T19:39:07","slug":"jbl-go-essential","status":"publish","type":"product","link":"https:\/\/celsonido123.com\/index.php\/product\/jbl-go-essential\/","title":{"rendered":"Jbl Go Essential"},"content":{"rendered":"<div class=\"new-container__about__container\">\n<div class=\"new-container__titles\">\n<h2 class=\"js-subtitle-pdp\">Caracter\u00edsticas importantes<\/h2>\n<\/div>\n<ul class=\"tab-details__keyFeatures--list\">\n<li class=\"tab-details__keyFeatures--item\">Resistencia al agua IPX7 para ir a la piscina o al parque<\/li>\n<li class=\"tab-details__keyFeatures--item\">Reproduce m\u00fasica de forma inal\u00e1mbrica desde tu m\u00f3vil<\/li>\n<li class=\"tab-details__keyFeatures--item\">Hasta 5 horas de tiempo de reproducci\u00f3n con una sola carga<\/li>\n<\/ul>\n<\/div>\n<div class=\"new-container__about__container\">\n<div class=\"new-container__titles\">\n<h2 class=\"js-subtitle-pdp new-container__titles\">Sobre este producto<\/h2>\n<\/div>\n<div class=\"tab-details__description\">JBL GO Essential Azul es un altavoz con Bluetooth port\u00e1til y ultracompacto. Reproduce m\u00fasica en streaming a trav\u00e9s de Bluetooth con una autonom\u00eda de hasta 5 horas y calidad de sonido JBL Pro original. Disfruta de una gran diversi\u00f3n con su dise\u00f1o resistente al agua conforme a la protecci\u00f3n IPX7. El GO Essential es el altavoz perfecto para llevar tu m\u00fasica a todas partes. \u00a1No te quedes sin el tuyo!<\/div>\n<\/div>\n","protected":false},"excerpt":{"rendered":"<p>Caracter\u00edsticas importantes Resistencia al agua IPX7 para ir a la piscina o al parque Reproduce m\u00fasica de forma inal\u00e1mbrica desde<\/p>\n","protected":false},"featured_media":11800,"comment_status":"open","ping_status":"closed","template":"","meta":[],"product_cat":[154],"product_tag":[],"_links":{"self":[{"href":"https:\/\/celsonido123.com\/index.php\/wp-json\/wp\/v2\/product\/11799"}],"collection":[{"href":"https:\/\/celsonido123.com\/index.php\/wp-json\/wp\/v2\/product"}],"about":[{"href":"https:\/\/celsonido123.com\/index.php\/wp-json\/wp\/v2\/types\/product"}],"replies":[{"embeddable":true,"href":"https:\/\/celsonido123.com\/index.php\/wp-json\/wp\/v2\/comments?post=11799"}],"version-history":[{"count":1,"href":"https:\/\/celsonido123.com\/index.php\/wp-json\/wp\/v2\/product\/11799\/revisions"}],"predecessor-version":[{"id":11801,"href":"https:\/\/celsonido123.com\/index.php\/wp-json\/wp\/v2\/product\/11799\/revisions\/11801"}],"wp:featuredmedia":[{"embeddable":true,"href":"https:\/\/celsonido123.com\/index.php\/wp-json\/wp\/v2\/media\/11800"}],"wp:attachment":[{"href":"https:\/\/celsonido123.com\/index.php\/wp-json\/wp\/v2\/media?parent=11799"}],"wp:term":[{"taxonomy":"product_cat","embeddable":true,"href":"https:\/\/celsonido123.com\/index.php\/wp-json\/wp\/v2\/product_cat?post=11799"},{"taxonomy":"product_tag","embeddable":true,"href":"https:\/\/celsonido123.com\/index.php\/wp-json\/wp\/v2\/product_tag?post=11799"}],"curies":[{"name":"wp","href":"https:\/\/api.w.org\/{rel}","templated":true}]}}