{"id":11806,"date":"2025-05-22T19:57:11","date_gmt":"2025-05-22T19:57:11","guid":{"rendered":"https:\/\/celsonido123.com\/?post_type=product&#038;p=11806"},"modified":"2025-05-22T19:57:11","modified_gmt":"2025-05-22T19:57:11","slug":"tablet-samsung-galaxy-s6-lite","status":"publish","type":"product","link":"https:\/\/celsonido123.com\/index.php\/product\/tablet-samsung-galaxy-s6-lite\/","title":{"rendered":"Tablet Samsung Galaxy S6 Lite"},"content":{"rendered":"<div class=\"new-container__about__container\">\n<div class=\"new-container__titles\">\n<h2 class=\"js-subtitle-pdp\">Caracter\u00edsticas destacadas<\/h2>\n<\/div>\n<ul class=\"tab-details__keyFeatures--list\">\n<li class=\"tab-details__keyFeatures--item\">Incluye Cover y S Pen<\/li>\n<li class=\"tab-details__keyFeatures--item\">Pantalla 10.4&#8243; ideal para tomar notas con S Pen<\/li>\n<li class=\"tab-details__keyFeatures--item\">Bater\u00eda de 7,040 mAh, brinda hasta 13 horas de autonom\u00eda<\/li>\n<li class=\"tab-details__keyFeatures--item\">Almacenamiento expandible hasta 1 TB con MicroSD<\/li>\n<\/ul>\n<\/div>\n<div class=\"new-container__about__container\">\n<div class=\"new-container__titles\">\n<h2 class=\"js-subtitle-pdp new-container__titles\">Resumen del producto<\/h2>\n<\/div>\n<div class=\"tab-details__description\">El Tab S6 Lite es la compa\u00f1\u00eda perfecta para tomar notas y cambiar tu forma de escribir. Tiene una pantalla 10,4 pulgadas, con un dise\u00f1o delgado y liviano. Adem\u00e1s tiene incluido Book cover y S Pen para que dibujes, escribas y logres la mayor rendimiento y productividad. Mantente conectado mientras consigues velocidades incre\u00edbles con WiFi. Est\u00e1 tablet te ofrece un procesador optimizado que alcanza velocidades hasta de 2.4GHz. No te preocupes por quedarte sin energ\u00eda, ya que cuenta con una bater\u00eda de larga duraci\u00f3n de 7040 mAh. \u00a1Lleva el tuyo!<\/div>\n<\/div>\n","protected":false},"excerpt":{"rendered":"<p>Caracter\u00edsticas destacadas Incluye Cover y S Pen Pantalla 10.4&#8243; ideal para tomar notas con S Pen Bater\u00eda de 7,040 mAh,<\/p>\n","protected":false},"featured_media":11807,"comment_status":"open","ping_status":"closed","template":"","meta":[],"product_cat":[160],"product_tag":[],"_links":{"self":[{"href":"https:\/\/celsonido123.com\/index.php\/wp-json\/wp\/v2\/product\/11806"}],"collection":[{"href":"https:\/\/celsonido123.com\/index.php\/wp-json\/wp\/v2\/product"}],"about":[{"href":"https:\/\/celsonido123.com\/index.php\/wp-json\/wp\/v2\/types\/product"}],"replies":[{"embeddable":true,"href":"https:\/\/celsonido123.com\/index.php\/wp-json\/wp\/v2\/comments?post=11806"}],"version-history":[{"count":1,"href":"https:\/\/celsonido123.com\/index.php\/wp-json\/wp\/v2\/product\/11806\/revisions"}],"predecessor-version":[{"id":11809,"href":"https:\/\/celsonido123.com\/index.php\/wp-json\/wp\/v2\/product\/11806\/revisions\/11809"}],"wp:featuredmedia":[{"embeddable":true,"href":"https:\/\/celsonido123.com\/index.php\/wp-json\/wp\/v2\/media\/11807"}],"wp:attachment":[{"href":"https:\/\/celsonido123.com\/index.php\/wp-json\/wp\/v2\/media?parent=11806"}],"wp:term":[{"taxonomy":"product_cat","embeddable":true,"href":"https:\/\/celsonido123.com\/index.php\/wp-json\/wp\/v2\/product_cat?post=11806"},{"taxonomy":"product_tag","embeddable":true,"href":"https:\/\/celsonido123.com\/index.php\/wp-json\/wp\/v2\/product_tag?post=11806"}],"curies":[{"name":"wp","href":"https:\/\/api.w.org\/{rel}","templated":true}]}}