{"id":11829,"date":"2025-05-23T18:46:57","date_gmt":"2025-05-23T18:46:57","guid":{"rendered":"https:\/\/celsonido123.com\/?post_type=product&#038;p=11829"},"modified":"2025-05-23T18:46:57","modified_gmt":"2025-05-23T18:46:57","slug":"diadema-jbl-tune-720bt","status":"publish","type":"product","link":"https:\/\/celsonido123.com\/index.php\/product\/diadema-jbl-tune-720bt\/","title":{"rendered":"Diadema Jbl Tune 720bt"},"content":{"rendered":"<p>Prep\u00e1rate para una experiencia inal\u00e1mbrica fenomenal! Los auriculares JBL Tune 720BT te sumergen en el potente sonido JBL Pure Bass gracias a la \u00faltima tecnolog\u00eda Bluetooth 5.3. Disfruta hasta 76 horas de m\u00fasica con una carga, y si te quedas corto, 5 minutos de carga r\u00e1pida te dan 3 horas extra.<\/p>\n<p>Personaliza tu sonido a tu gusto con la app gratuita JBL Headphones y su ecualizador. Las indicaciones de voz te gu\u00edan por las funciones, y con los convenientes botones en el auricular podr\u00e1s controlar llamadas, sonido y volumen sin necesidad de mirar tu dispositivo.<\/p>\n<p>Ligeros y c\u00f3modos, incluso despu\u00e9s de horas de uso, los JBL Tune 720BT se pliegan para acompa\u00f1arte a todas partes en tu mochila.<\/p>\n","protected":false},"excerpt":{"rendered":"<p>Prep\u00e1rate para una experiencia inal\u00e1mbrica fenomenal! Los auriculares JBL Tune 720BT te sumergen en el potente sonido JBL Pure Bass<\/p>\n","protected":false},"featured_media":11830,"comment_status":"open","ping_status":"closed","template":"","meta":[],"product_cat":[83],"product_tag":[],"_links":{"self":[{"href":"https:\/\/celsonido123.com\/index.php\/wp-json\/wp\/v2\/product\/11829"}],"collection":[{"href":"https:\/\/celsonido123.com\/index.php\/wp-json\/wp\/v2\/product"}],"about":[{"href":"https:\/\/celsonido123.com\/index.php\/wp-json\/wp\/v2\/types\/product"}],"replies":[{"embeddable":true,"href":"https:\/\/celsonido123.com\/index.php\/wp-json\/wp\/v2\/comments?post=11829"}],"version-history":[{"count":1,"href":"https:\/\/celsonido123.com\/index.php\/wp-json\/wp\/v2\/product\/11829\/revisions"}],"predecessor-version":[{"id":11832,"href":"https:\/\/celsonido123.com\/index.php\/wp-json\/wp\/v2\/product\/11829\/revisions\/11832"}],"wp:featuredmedia":[{"embeddable":true,"href":"https:\/\/celsonido123.com\/index.php\/wp-json\/wp\/v2\/media\/11830"}],"wp:attachment":[{"href":"https:\/\/celsonido123.com\/index.php\/wp-json\/wp\/v2\/media?parent=11829"}],"wp:term":[{"taxonomy":"product_cat","embeddable":true,"href":"https:\/\/celsonido123.com\/index.php\/wp-json\/wp\/v2\/product_cat?post=11829"},{"taxonomy":"product_tag","embeddable":true,"href":"https:\/\/celsonido123.com\/index.php\/wp-json\/wp\/v2\/product_tag?post=11829"}],"curies":[{"name":"wp","href":"https:\/\/api.w.org\/{rel}","templated":true}]}}