{"id":11833,"date":"2025-05-23T18:50:42","date_gmt":"2025-05-23T18:50:42","guid":{"rendered":"https:\/\/celsonido123.com\/?post_type=product&#038;p=11833"},"modified":"2025-05-23T18:50:42","modified_gmt":"2025-05-23T18:50:42","slug":"diadema-jbl-tune-770nc","status":"publish","type":"product","link":"https:\/\/celsonido123.com\/index.php\/product\/diadema-jbl-tune-770nc\/","title":{"rendered":"Diadema Jbl Tune 770nc"},"content":{"rendered":"<p>Cuando tu m\u00fasica est\u00e1 encendida, nada m\u00e1s importa. Los auriculares inal\u00e1mbricos JBL Tune 770NC con cancelaci\u00f3n de ruido adaptativa cumplen esa promesa durante todo el d\u00eda y m\u00e1s, al tiempo que te evitan los ruidos no deseados. Con una bater\u00eda de 70 horas de duraci\u00f3n, pasar\u00e1s f\u00e1cilmente una semana ajetreada utiliz\u00e1ndolos y a\u00fan tendr\u00e1s suficiente sonido JBL Pure Bass para pasar el fin de semana. Y si necesitas una carga r\u00e1pida, 5 minutos te proporcionan 3 horas adicionales de m\u00fasica. Ligeros y plegables, los JBL Tune 770NC tambi\u00e9n pueden conectarse con dos dispositivos Bluetooth\u00ae simult\u00e1neamente, para que nunca pierdas una llamada mientras ves un v\u00eddeo en tu tableta.<\/p>\n","protected":false},"excerpt":{"rendered":"<p>Cuando tu m\u00fasica est\u00e1 encendida, nada m\u00e1s importa. Los auriculares inal\u00e1mbricos JBL Tune 770NC con cancelaci\u00f3n de ruido adaptativa cumplen<\/p>\n","protected":false},"featured_media":11834,"comment_status":"open","ping_status":"closed","template":"","meta":[],"product_cat":[83],"product_tag":[],"_links":{"self":[{"href":"https:\/\/celsonido123.com\/index.php\/wp-json\/wp\/v2\/product\/11833"}],"collection":[{"href":"https:\/\/celsonido123.com\/index.php\/wp-json\/wp\/v2\/product"}],"about":[{"href":"https:\/\/celsonido123.com\/index.php\/wp-json\/wp\/v2\/types\/product"}],"replies":[{"embeddable":true,"href":"https:\/\/celsonido123.com\/index.php\/wp-json\/wp\/v2\/comments?post=11833"}],"version-history":[{"count":1,"href":"https:\/\/celsonido123.com\/index.php\/wp-json\/wp\/v2\/product\/11833\/revisions"}],"predecessor-version":[{"id":11836,"href":"https:\/\/celsonido123.com\/index.php\/wp-json\/wp\/v2\/product\/11833\/revisions\/11836"}],"wp:featuredmedia":[{"embeddable":true,"href":"https:\/\/celsonido123.com\/index.php\/wp-json\/wp\/v2\/media\/11834"}],"wp:attachment":[{"href":"https:\/\/celsonido123.com\/index.php\/wp-json\/wp\/v2\/media?parent=11833"}],"wp:term":[{"taxonomy":"product_cat","embeddable":true,"href":"https:\/\/celsonido123.com\/index.php\/wp-json\/wp\/v2\/product_cat?post=11833"},{"taxonomy":"product_tag","embeddable":true,"href":"https:\/\/celsonido123.com\/index.php\/wp-json\/wp\/v2\/product_tag?post=11833"}],"curies":[{"name":"wp","href":"https:\/\/api.w.org\/{rel}","templated":true}]}}