{"id":11837,"date":"2025-05-23T19:01:12","date_gmt":"2025-05-23T19:01:12","guid":{"rendered":"https:\/\/celsonido123.com\/?post_type=product&#038;p=11837"},"modified":"2025-05-23T19:01:12","modified_gmt":"2025-05-23T19:01:12","slug":"diadema-jbl-quantum-100-gamer-alambrica","status":"publish","type":"product","link":"https:\/\/celsonido123.com\/index.php\/product\/diadema-jbl-quantum-100-gamer-alambrica\/","title":{"rendered":"Diadema Jbl Quantum 100 Gamer Alambrica"},"content":{"rendered":"<div class=\"new-container__about__container\">\n<div class=\"new-container__titles\">\n<h2 class=\"js-subtitle-pdp\">Caracter\u00edsticas destacadas<\/h2>\n<\/div>\n<ul class=\"tab-details__keyFeatures--list\">\n<li class=\"tab-details__keyFeatures--item\">Sonido envolvente JBL QuantumSOUND Signature<\/li>\n<li class=\"tab-details__keyFeatures--item\">Comodidad gracias a su acolchado<\/li>\n<li class=\"tab-details__keyFeatures--item\">Micr\u00f3fono direccional vocal desmontable<\/li>\n<li class=\"tab-details__keyFeatures--item\">Pensados para tus plataformas favoritas<\/li>\n<\/ul>\n<\/div>\n<div class=\"new-container__about__container\">\n<div class=\"new-container__titles\">\n<h2 class=\"js-subtitle-pdp new-container__titles\">Resumen del producto<\/h2>\n<\/div>\n<div class=\"tab-details__description\">Convierte el juego en una aventura \u00e9pica. Un sonido inmersivo y preciso que permite apreciar todos los matices y sentir todas las explosiones, un micr\u00f3fono extra\u00edble y ligereza gracias a sus almohadillas de espuma. El micr\u00f3fono desmontable permite interactuar con varios jugadores y las almohadillas de espuma viscoel\u00e1stica proporcionan un \u00f3ptimo confort durante horas.<\/div>\n<\/div>\n","protected":false},"excerpt":{"rendered":"<p>Caracter\u00edsticas destacadas Sonido envolvente JBL QuantumSOUND Signature Comodidad gracias a su acolchado Micr\u00f3fono direccional vocal desmontable Pensados para tus plataformas<\/p>\n","protected":false},"featured_media":11838,"comment_status":"open","ping_status":"closed","template":"","meta":[],"product_cat":[83],"product_tag":[],"_links":{"self":[{"href":"https:\/\/celsonido123.com\/index.php\/wp-json\/wp\/v2\/product\/11837"}],"collection":[{"href":"https:\/\/celsonido123.com\/index.php\/wp-json\/wp\/v2\/product"}],"about":[{"href":"https:\/\/celsonido123.com\/index.php\/wp-json\/wp\/v2\/types\/product"}],"replies":[{"embeddable":true,"href":"https:\/\/celsonido123.com\/index.php\/wp-json\/wp\/v2\/comments?post=11837"}],"version-history":[{"count":1,"href":"https:\/\/celsonido123.com\/index.php\/wp-json\/wp\/v2\/product\/11837\/revisions"}],"predecessor-version":[{"id":11839,"href":"https:\/\/celsonido123.com\/index.php\/wp-json\/wp\/v2\/product\/11837\/revisions\/11839"}],"wp:featuredmedia":[{"embeddable":true,"href":"https:\/\/celsonido123.com\/index.php\/wp-json\/wp\/v2\/media\/11838"}],"wp:attachment":[{"href":"https:\/\/celsonido123.com\/index.php\/wp-json\/wp\/v2\/media?parent=11837"}],"wp:term":[{"taxonomy":"product_cat","embeddable":true,"href":"https:\/\/celsonido123.com\/index.php\/wp-json\/wp\/v2\/product_cat?post=11837"},{"taxonomy":"product_tag","embeddable":true,"href":"https:\/\/celsonido123.com\/index.php\/wp-json\/wp\/v2\/product_tag?post=11837"}],"curies":[{"name":"wp","href":"https:\/\/api.w.org\/{rel}","templated":true}]}}