{"id":11840,"date":"2025-05-23T19:03:46","date_gmt":"2025-05-23T19:03:46","guid":{"rendered":"https:\/\/celsonido123.com\/?post_type=product&#038;p=11840"},"modified":"2025-05-23T19:03:46","modified_gmt":"2025-05-23T19:03:46","slug":"sony-c510","status":"publish","type":"product","link":"https:\/\/celsonido123.com\/index.php\/product\/sony-c510\/","title":{"rendered":"Sony C510"},"content":{"rendered":"<div class=\"new-container__about__container\">\n<div class=\"new-container__titles\">\n<h2 class=\"js-subtitle-pdp\">Caracter\u00edsticas destacadas<\/h2>\n<\/div>\n<ul class=\"tab-details__keyFeatures--list\">\n<li class=\"tab-details__keyFeatures--item\">Comodidad gracias al estuche de carga compacto y liviano<\/li>\n<li class=\"tab-details__keyFeatures--item\">F\u00e1cil configuraci\u00f3n usando la app Headphones Connect<\/li>\n<li class=\"tab-details__keyFeatures--item\">Conexi\u00f3n multipunto: Conecta hasta 2 dispositivos al tiempo<\/li>\n<\/ul>\n<\/div>\n<div class=\"new-container__about__container\">\n<div class=\"new-container__titles\">\n<h2 class=\"js-subtitle-pdp new-container__titles\">Resumen del producto<\/h2>\n<\/div>\n<div class=\"tab-details__description\">Los aud\u00edfonos totalmente inal\u00e1mbricos WF-C510 son ideales para el d\u00eda a d\u00eda si se busca una muy buena duraci\u00f3n de bater\u00eda, que sean resistentes a salpicaduras de agua, que se puedan usar incluso para actividades deportivas de bajo impacto, que sirvan como manos libres en diferentes sistemas operativos y que adem\u00e1s sean muy ligeros, compactos y f\u00e1ciles des usar. Si es lo que buscas, lleva el tuyo ahora!<\/div>\n<\/div>\n","protected":false},"excerpt":{"rendered":"<p>Caracter\u00edsticas destacadas Comodidad gracias al estuche de carga compacto y liviano F\u00e1cil configuraci\u00f3n usando la app Headphones Connect Conexi\u00f3n multipunto:<\/p>\n","protected":false},"featured_media":11841,"comment_status":"open","ping_status":"closed","template":"","meta":[],"product_cat":[83],"product_tag":[],"_links":{"self":[{"href":"https:\/\/celsonido123.com\/index.php\/wp-json\/wp\/v2\/product\/11840"}],"collection":[{"href":"https:\/\/celsonido123.com\/index.php\/wp-json\/wp\/v2\/product"}],"about":[{"href":"https:\/\/celsonido123.com\/index.php\/wp-json\/wp\/v2\/types\/product"}],"replies":[{"embeddable":true,"href":"https:\/\/celsonido123.com\/index.php\/wp-json\/wp\/v2\/comments?post=11840"}],"version-history":[{"count":1,"href":"https:\/\/celsonido123.com\/index.php\/wp-json\/wp\/v2\/product\/11840\/revisions"}],"predecessor-version":[{"id":11843,"href":"https:\/\/celsonido123.com\/index.php\/wp-json\/wp\/v2\/product\/11840\/revisions\/11843"}],"wp:featuredmedia":[{"embeddable":true,"href":"https:\/\/celsonido123.com\/index.php\/wp-json\/wp\/v2\/media\/11841"}],"wp:attachment":[{"href":"https:\/\/celsonido123.com\/index.php\/wp-json\/wp\/v2\/media?parent=11840"}],"wp:term":[{"taxonomy":"product_cat","embeddable":true,"href":"https:\/\/celsonido123.com\/index.php\/wp-json\/wp\/v2\/product_cat?post=11840"},{"taxonomy":"product_tag","embeddable":true,"href":"https:\/\/celsonido123.com\/index.php\/wp-json\/wp\/v2\/product_tag?post=11840"}],"curies":[{"name":"wp","href":"https:\/\/api.w.org\/{rel}","templated":true}]}}