{"id":11852,"date":"2025-05-23T19:20:14","date_gmt":"2025-05-23T19:20:14","guid":{"rendered":"https:\/\/celsonido123.com\/?post_type=product&#038;p=11852"},"modified":"2025-05-23T19:20:14","modified_gmt":"2025-05-23T19:20:14","slug":"xiaomi-redmi-buds-6-active","status":"publish","type":"product","link":"https:\/\/celsonido123.com\/index.php\/product\/xiaomi-redmi-buds-6-active\/","title":{"rendered":"Xiaomi Redmi Buds 6 Active"},"content":{"rendered":"<div class=\"new-container__about__container\">\n<div class=\"new-container__titles\">\n<h2 class=\"js-subtitle-pdp\">Caracter\u00edsticas importantes<\/h2>\n<\/div>\n<ul class=\"tab-details__keyFeatures--list\">\n<li class=\"tab-details__keyFeatures--item\">Dise\u00f1o: Compacto y ligero para un ajuste c\u00f3modo<\/li>\n<li class=\"tab-details__keyFeatures--item\">Bluetooth 5.4 para una conexi\u00f3n m\u00e1s estable y de menor consumo de energ\u00eda<\/li>\n<li class=\"tab-details__keyFeatures--item\">Hasta 30 horas de bateria con el estuche de carga<\/li>\n<li class=\"tab-details__keyFeatures--item\">Deteccion de automatica de musica al retirar un audifono<\/li>\n<li class=\"tab-details__keyFeatures--item\">Diferentes modos de ecualizacion para mejor acustica<\/li>\n<\/ul>\n<\/div>\n<div class=\"new-container__about__container\">\n<div class=\"new-container__titles\">\n<h2 class=\"js-subtitle-pdp new-container__titles\">Sobre este producto<\/h2>\n<\/div>\n<div class=\"tab-details__description\">\u00a1Conoce los Redmi Buds 6 Active! dise\u00f1ados para acompa\u00f1arte en cada momento. Disfruta de tu m\u00fasica todo el d\u00eda gracias a su bater\u00eda de larga duraci\u00f3n, estos aud\u00edfonos son perfectos para cualquier actividad gracias a su dise\u00f1o. Experimenta un sonido potente y llamadas n\u00edtidas gracias a la cancelaci\u00f3n de ruido ambiental. Controla tu m\u00fasica y llamadas con un toque. potencia tu estilo y sonido con los Redmi Buds 6 Active . \u00a1Lleva los tuyos ahora!<\/div>\n<\/div>\n","protected":false},"excerpt":{"rendered":"<p>Caracter\u00edsticas importantes Dise\u00f1o: Compacto y ligero para un ajuste c\u00f3modo Bluetooth 5.4 para una conexi\u00f3n m\u00e1s estable y de menor<\/p>\n","protected":false},"featured_media":11853,"comment_status":"open","ping_status":"closed","template":"","meta":[],"product_cat":[83],"product_tag":[],"_links":{"self":[{"href":"https:\/\/celsonido123.com\/index.php\/wp-json\/wp\/v2\/product\/11852"}],"collection":[{"href":"https:\/\/celsonido123.com\/index.php\/wp-json\/wp\/v2\/product"}],"about":[{"href":"https:\/\/celsonido123.com\/index.php\/wp-json\/wp\/v2\/types\/product"}],"replies":[{"embeddable":true,"href":"https:\/\/celsonido123.com\/index.php\/wp-json\/wp\/v2\/comments?post=11852"}],"version-history":[{"count":1,"href":"https:\/\/celsonido123.com\/index.php\/wp-json\/wp\/v2\/product\/11852\/revisions"}],"predecessor-version":[{"id":11855,"href":"https:\/\/celsonido123.com\/index.php\/wp-json\/wp\/v2\/product\/11852\/revisions\/11855"}],"wp:featuredmedia":[{"embeddable":true,"href":"https:\/\/celsonido123.com\/index.php\/wp-json\/wp\/v2\/media\/11853"}],"wp:attachment":[{"href":"https:\/\/celsonido123.com\/index.php\/wp-json\/wp\/v2\/media?parent=11852"}],"wp:term":[{"taxonomy":"product_cat","embeddable":true,"href":"https:\/\/celsonido123.com\/index.php\/wp-json\/wp\/v2\/product_cat?post=11852"},{"taxonomy":"product_tag","embeddable":true,"href":"https:\/\/celsonido123.com\/index.php\/wp-json\/wp\/v2\/product_tag?post=11852"}],"curies":[{"name":"wp","href":"https:\/\/api.w.org\/{rel}","templated":true}]}}