{"id":11876,"date":"2025-05-23T19:40:42","date_gmt":"2025-05-23T19:40:42","guid":{"rendered":"https:\/\/celsonido123.com\/?post_type=product&#038;p=11876"},"modified":"2025-05-23T19:40:43","modified_gmt":"2025-05-23T19:40:43","slug":"movisun-osmo-x8-oseo","status":"publish","type":"product","link":"https:\/\/celsonido123.com\/index.php\/product\/movisun-osmo-x8-oseo\/","title":{"rendered":"Movisun Osmo X8 Oseo"},"content":{"rendered":"<p>Combinan la tecnolog\u00eda de conducci\u00f3n \u00f3sea con un dise\u00f1o ultraligero para ofrecerte una experiencia auditiva sin precedentes. La mejor opci\u00f3n para las personas que les gusta hacer ejercicio al aire libre como correr, senderismo, ciclismo, tambi\u00e9n para las personas que usan los auriculares todo el d\u00eda.<\/p>\n","protected":false},"excerpt":{"rendered":"<p>Combinan la tecnolog\u00eda de conducci\u00f3n \u00f3sea con un dise\u00f1o ultraligero para ofrecerte una experiencia auditiva sin precedentes. La mejor opci\u00f3n<\/p>\n","protected":false},"featured_media":11877,"comment_status":"open","ping_status":"closed","template":"","meta":[],"product_cat":[83],"product_tag":[],"_links":{"self":[{"href":"https:\/\/celsonido123.com\/index.php\/wp-json\/wp\/v2\/product\/11876"}],"collection":[{"href":"https:\/\/celsonido123.com\/index.php\/wp-json\/wp\/v2\/product"}],"about":[{"href":"https:\/\/celsonido123.com\/index.php\/wp-json\/wp\/v2\/types\/product"}],"replies":[{"embeddable":true,"href":"https:\/\/celsonido123.com\/index.php\/wp-json\/wp\/v2\/comments?post=11876"}],"version-history":[{"count":1,"href":"https:\/\/celsonido123.com\/index.php\/wp-json\/wp\/v2\/product\/11876\/revisions"}],"predecessor-version":[{"id":11878,"href":"https:\/\/celsonido123.com\/index.php\/wp-json\/wp\/v2\/product\/11876\/revisions\/11878"}],"wp:featuredmedia":[{"embeddable":true,"href":"https:\/\/celsonido123.com\/index.php\/wp-json\/wp\/v2\/media\/11877"}],"wp:attachment":[{"href":"https:\/\/celsonido123.com\/index.php\/wp-json\/wp\/v2\/media?parent=11876"}],"wp:term":[{"taxonomy":"product_cat","embeddable":true,"href":"https:\/\/celsonido123.com\/index.php\/wp-json\/wp\/v2\/product_cat?post=11876"},{"taxonomy":"product_tag","embeddable":true,"href":"https:\/\/celsonido123.com\/index.php\/wp-json\/wp\/v2\/product_tag?post=11876"}],"curies":[{"name":"wp","href":"https:\/\/api.w.org\/{rel}","templated":true}]}}